{"id":18345,"date":"2023-02-16T11:32:52","date_gmt":"2023-02-16T11:32:52","guid":{"rendered":"https:\/\/vincentedelicacies.com\/?post_type=product&#038;p=18345"},"modified":"2023-03-22T08:48:20","modified_gmt":"2023-03-22T08:48:20","slug":"3-schokoladen-kolomba","status":"publish","type":"product","link":"https:\/\/vincentedelicacies.com\/de\/produkt\/3-schokoladen-kolomba\/","title":{"rendered":"Colomba mit 3 Pralinen"},"content":{"rendered":"<p>Zutaten: Weizenmehl, BUTTER, Zucker, Eigelb, extra Fondant 5%<br \/>\nSchokoladensplitter<br \/>\n(Kakaomasse, Zucker, Emulgator: SOJA-Lecithin, nat\u00fcrliches Vanillearoma), Milchschokoladenst\u00fcckchen 5% (Zucker, Vollmilchpulver, Kakaobutter, Kakaomasse, Molkenpulver, entrahmte MILCH<br \/>\nPulver, Emulgator: SOJA-Lecithin, nat\u00fcrliches Vanillearoma), wei\u00dfe Schokoladenst\u00fcckchen 5% (Zucker, MILCHzucker, Kakaobutter (22,5%), MILCHfett, Emulgator: SOJA-Lecithin, Aroma), Emulgatoren:<br \/>\nMono- und Diglyceride von Speisefetts\u00e4uren, Glukosesirup, Magermilchpulver, Kakaobutter, Honig, nat\u00fcrliche Aromen, Salz. \u00dcberzug: wei\u00dfe Schokolade 8% (Zucker, Vollmilchpulver, Kakao<br \/>\nButter, Emulgator: SOJA-Lecithin, nat\u00fcrliches Vanillearoma), Zartbitterschokolade 0,5% (Zartbitterschokolade 84,0 % (Kakaomasse, Zucker, Kakaobutter, MILCHfett, Emulgator: SOJA<br \/>\nLecithin, nat\u00fcrliches Vanillearoma), Getreide-Crispies (Weizenmehl, Zucker, Weizenmalzmehl, St\u00e4rke (Weizen), Backtriebmittel E500ii, Salz, Kakaobutter, nat\u00fcrliches Vanillearoma), Glukose<br \/>\nSirup, Zucker, \u00dcberzugsmittel: E414)), mit Milchschokolade \u00fcberzogene Cerealien 0,5% (Milchschokolade 84,0% (Zucker, Kakaobutter, Vollmilchpulver, Kakaomasse, Molkenpulver, Emulgator: SOJA<br \/>\nLecithin, nat\u00fcrliches Vanillearoma), Getreide-Crispies (Weizenmehl, Zucker, Weizenmalzmehl, St\u00e4rke (Weizen), Backtriebmittel: E500ii, Salz, Kakaobutter, nat\u00fcrliches Vanillearoma), Glukose<br \/>\nSirup, Zucker, \u00dcberzugsmittel: E414)), wei\u00dfes Getreide mit Schokoladen\u00fcberzug 0,5% (wei\u00dfe Schokolade 84,0% (Zucker, Kakaobutter, Vollmilchpulver, Molkenpulver, Emulgator: SOJA-Lecithin,<br \/>\nnat\u00fcrliches Vanillearoma), Cerealien-Crispies (FRUMENTO-Mehl, Zucker, Malzmehl, St\u00e4rke (FRUMENTO), Backtriebmittel: E500ii, Salz, Kakaobutter, nat\u00fcrliches Vanillearoma), Glukosesirup,<br \/>\nZucker, Glasurmittel: E414). Kann enthalten <\/p>\n<p> PISTAZIEN, MANDELN, HASELN\u00dcSSE, SENF UND LUPINE.<\/p>","protected":false},"excerpt":{"rendered":"<p>Taube mit <strong>3 Pralinen<\/strong> mit extra dunkler Schokolade, Vollmilchschokolade und wei\u00dfen Schokoladentropfen, \u00fcberzogen mit feiner wei\u00dfer Schokolade und Schokoladenkugeln.   750 g<\/p>","protected":false},"featured_media":18347,"comment_status":"open","ping_status":"closed","template":"","meta":[],"product_brand":[],"product_cat":[46,111],"product_tag":[461],"class_list":{"0":"post-18345","1":"product","2":"type-product","3":"status-publish","4":"has-post-thumbnail","6":"product_cat-pasqua","7":"product_cat-ricoperte","8":"product_tag-colombe","10":"first","11":"outofstock","12":"shipping-taxable","13":"product-type-simple"},"yoast_head":"<!-- This site is optimized with the Yoast SEO Premium plugin v21.8 (Yoast SEO v26.6) - https:\/\/yoast.com\/wordpress\/plugins\/seo\/ -->\n<title>Colomba ai 3 Cioccolati - Vincente Delicacies<\/title>\n<meta name=\"description\" content=\"Colomba ai 3 Cioccolati con gocce di Cioccolato Extra Fondente, Cioccolato al Latte e cioccolato Bianco, ricoperto di finissimo Cioccolato Bianco e Sfere di Cioccolato.\u00a0 \u00a0750 g\" \/>\n<meta name=\"robots\" content=\"index, follow, max-snippet:-1, max-image-preview:large, max-video-preview:-1\" \/>\n<link rel=\"canonical\" href=\"https:\/\/vincentedelicacies.com\/de\/produkt\/3-schokoladen-kolomba\/\" \/>\n<meta property=\"og:locale\" content=\"de_DE\" \/>\n<meta property=\"og:type\" content=\"article\" \/>\n<meta property=\"og:title\" content=\"Colomba ai 3 Cioccolati\" \/>\n<meta property=\"og:description\" content=\"Colomba ai 3 Cioccolati con gocce di Cioccolato Extra Fondente, Cioccolato al Latte e cioccolato Bianco, ricoperto di finissimo Cioccolato Bianco e Sfere di Cioccolato.\u00a0 \u00a0750 g\" \/>\n<meta property=\"og:url\" content=\"https:\/\/vincentedelicacies.com\/de\/produkt\/3-schokoladen-kolomba\/\" \/>\n<meta property=\"og:site_name\" content=\"Vincente Delicacies\" \/>\n<meta property=\"article:modified_time\" content=\"2023-03-22T08:48:20+00:00\" \/>\n<meta property=\"og:image\" content=\"https:\/\/vincentedelicacies.com\/wp-content\/uploads\/2023\/02\/colomba-ai-3-cioccolati.jpg\" \/>\n\t<meta property=\"og:image:width\" content=\"890\" \/>\n\t<meta property=\"og:image:height\" content=\"899\" \/>\n\t<meta property=\"og:image:type\" content=\"image\/jpeg\" \/>\n<meta name=\"twitter:card\" content=\"summary_large_image\" \/>\n<meta name=\"twitter:label1\" content=\"Gesch\u00e4tzte Lesezeit\" \/>\n\t<meta name=\"twitter:data1\" content=\"2\u00a0Minuten\" \/>\n<script type=\"application\/ld+json\" class=\"yoast-schema-graph\">{\"@context\":\"https:\/\/schema.org\",\"@graph\":[{\"@type\":\"WebPage\",\"@id\":\"https:\/\/vincentedelicacies.com\/prodotto\/colomba-ai-3-cioccolati\/\",\"url\":\"https:\/\/vincentedelicacies.com\/prodotto\/colomba-ai-3-cioccolati\/\",\"name\":\"Colomba ai 3 Cioccolati - Vincente Delicacies\",\"isPartOf\":{\"@id\":\"https:\/\/vincentedelicacies.com\/#website\"},\"primaryImageOfPage\":{\"@id\":\"https:\/\/vincentedelicacies.com\/prodotto\/colomba-ai-3-cioccolati\/#primaryimage\"},\"image\":{\"@id\":\"https:\/\/vincentedelicacies.com\/prodotto\/colomba-ai-3-cioccolati\/#primaryimage\"},\"thumbnailUrl\":\"https:\/\/vincentedelicacies.com\/wp-content\/uploads\/2023\/02\/colomba-ai-3-cioccolati.jpg\",\"datePublished\":\"2023-02-16T11:32:52+00:00\",\"dateModified\":\"2023-03-22T08:48:20+00:00\",\"description\":\"Colomba ai 3 Cioccolati con gocce di Cioccolato Extra Fondente, Cioccolato al Latte e cioccolato Bianco, ricoperto di finissimo Cioccolato Bianco e Sfere di Cioccolato.\u00a0 \u00a0750 g\",\"breadcrumb\":{\"@id\":\"https:\/\/vincentedelicacies.com\/prodotto\/colomba-ai-3-cioccolati\/#breadcrumb\"},\"inLanguage\":\"de\",\"potentialAction\":[{\"@type\":\"ReadAction\",\"target\":[\"https:\/\/vincentedelicacies.com\/prodotto\/colomba-ai-3-cioccolati\/\"]}]},{\"@type\":\"ImageObject\",\"inLanguage\":\"de\",\"@id\":\"https:\/\/vincentedelicacies.com\/prodotto\/colomba-ai-3-cioccolati\/#primaryimage\",\"url\":\"https:\/\/vincentedelicacies.com\/wp-content\/uploads\/2023\/02\/colomba-ai-3-cioccolati.jpg\",\"contentUrl\":\"https:\/\/vincentedelicacies.com\/wp-content\/uploads\/2023\/02\/colomba-ai-3-cioccolati.jpg\",\"width\":890,\"height\":899},{\"@type\":\"BreadcrumbList\",\"@id\":\"https:\/\/vincentedelicacies.com\/prodotto\/colomba-ai-3-cioccolati\/#breadcrumb\",\"itemListElement\":[{\"@type\":\"ListItem\",\"position\":1,\"name\":\"Home\",\"item\":\"https:\/\/vincentedelicacies.com\/\"},{\"@type\":\"ListItem\",\"position\":2,\"name\":\"Prodotti\",\"item\":\"https:\/\/vincentedelicacies.com\/shop1__trashed\/\"},{\"@type\":\"ListItem\",\"position\":3,\"name\":\"Colomba ai 3 Cioccolati\"}]},{\"@type\":\"WebSite\",\"@id\":\"https:\/\/vincentedelicacies.com\/#website\",\"url\":\"https:\/\/vincentedelicacies.com\/\",\"name\":\"Vincente Delicacies\",\"description\":\"Un grande laboratorio di pasticceria\",\"publisher\":{\"@id\":\"https:\/\/vincentedelicacies.com\/#organization\"},\"potentialAction\":[{\"@type\":\"SearchAction\",\"target\":{\"@type\":\"EntryPoint\",\"urlTemplate\":\"https:\/\/vincentedelicacies.com\/?s={search_term_string}\"},\"query-input\":{\"@type\":\"PropertyValueSpecification\",\"valueRequired\":true,\"valueName\":\"search_term_string\"}}],\"inLanguage\":\"de\"},{\"@type\":\"Organization\",\"@id\":\"https:\/\/vincentedelicacies.com\/#organization\",\"name\":\"Vincente Delicacies\",\"url\":\"https:\/\/vincentedelicacies.com\/\",\"logo\":{\"@type\":\"ImageObject\",\"inLanguage\":\"de\",\"@id\":\"https:\/\/vincentedelicacies.com\/#\/schema\/logo\/image\/\",\"url\":\"https:\/\/vincentedelicacies.com\/wp-content\/uploads\/2021\/06\/logo.png\",\"contentUrl\":\"https:\/\/vincentedelicacies.com\/wp-content\/uploads\/2021\/06\/logo.png\",\"width\":159,\"height\":47,\"caption\":\"Vincente Delicacies\"},\"image\":{\"@id\":\"https:\/\/vincentedelicacies.com\/#\/schema\/logo\/image\/\"}}]}<\/script>\n<!-- \/ Yoast SEO Premium plugin. -->","yoast_head_json":{"title":"Colomba ai 3 Cioccolati - Vincente Delicacies","description":"Colomba ai 3 Cioccolati con gocce di Cioccolato Extra Fondente, Cioccolato al Latte e cioccolato Bianco, ricoperto di finissimo Cioccolato Bianco e Sfere di Cioccolato.\u00a0 \u00a0750 g","robots":{"index":"index","follow":"follow","max-snippet":"max-snippet:-1","max-image-preview":"max-image-preview:large","max-video-preview":"max-video-preview:-1"},"canonical":"https:\/\/vincentedelicacies.com\/de\/produkt\/3-schokoladen-kolomba\/","og_locale":"de_DE","og_type":"article","og_title":"Colomba ai 3 Cioccolati","og_description":"Colomba ai 3 Cioccolati con gocce di Cioccolato Extra Fondente, Cioccolato al Latte e cioccolato Bianco, ricoperto di finissimo Cioccolato Bianco e Sfere di Cioccolato.\u00a0 \u00a0750 g","og_url":"https:\/\/vincentedelicacies.com\/de\/produkt\/3-schokoladen-kolomba\/","og_site_name":"Vincente Delicacies","article_modified_time":"2023-03-22T08:48:20+00:00","og_image":[{"width":890,"height":899,"url":"https:\/\/vincentedelicacies.com\/wp-content\/uploads\/2023\/02\/colomba-ai-3-cioccolati.jpg","type":"image\/jpeg"}],"twitter_card":"summary_large_image","twitter_misc":{"Gesch\u00e4tzte Lesezeit":"2\u00a0Minuten"},"schema":{"@context":"https:\/\/schema.org","@graph":[{"@type":"WebPage","@id":"https:\/\/vincentedelicacies.com\/prodotto\/colomba-ai-3-cioccolati\/","url":"https:\/\/vincentedelicacies.com\/prodotto\/colomba-ai-3-cioccolati\/","name":"Colomba ai 3 Cioccolati - Vincente Delicacies","isPartOf":{"@id":"https:\/\/vincentedelicacies.com\/#website"},"primaryImageOfPage":{"@id":"https:\/\/vincentedelicacies.com\/prodotto\/colomba-ai-3-cioccolati\/#primaryimage"},"image":{"@id":"https:\/\/vincentedelicacies.com\/prodotto\/colomba-ai-3-cioccolati\/#primaryimage"},"thumbnailUrl":"https:\/\/vincentedelicacies.com\/wp-content\/uploads\/2023\/02\/colomba-ai-3-cioccolati.jpg","datePublished":"2023-02-16T11:32:52+00:00","dateModified":"2023-03-22T08:48:20+00:00","description":"Colomba ai 3 Cioccolati con gocce di Cioccolato Extra Fondente, Cioccolato al Latte e cioccolato Bianco, ricoperto di finissimo Cioccolato Bianco e Sfere di Cioccolato.\u00a0 \u00a0750 g","breadcrumb":{"@id":"https:\/\/vincentedelicacies.com\/prodotto\/colomba-ai-3-cioccolati\/#breadcrumb"},"inLanguage":"de","potentialAction":[{"@type":"ReadAction","target":["https:\/\/vincentedelicacies.com\/prodotto\/colomba-ai-3-cioccolati\/"]}]},{"@type":"ImageObject","inLanguage":"de","@id":"https:\/\/vincentedelicacies.com\/prodotto\/colomba-ai-3-cioccolati\/#primaryimage","url":"https:\/\/vincentedelicacies.com\/wp-content\/uploads\/2023\/02\/colomba-ai-3-cioccolati.jpg","contentUrl":"https:\/\/vincentedelicacies.com\/wp-content\/uploads\/2023\/02\/colomba-ai-3-cioccolati.jpg","width":890,"height":899},{"@type":"BreadcrumbList","@id":"https:\/\/vincentedelicacies.com\/prodotto\/colomba-ai-3-cioccolati\/#breadcrumb","itemListElement":[{"@type":"ListItem","position":1,"name":"Home","item":"https:\/\/vincentedelicacies.com\/"},{"@type":"ListItem","position":2,"name":"Prodotti","item":"https:\/\/vincentedelicacies.com\/shop1__trashed\/"},{"@type":"ListItem","position":3,"name":"Colomba ai 3 Cioccolati"}]},{"@type":"WebSite","@id":"https:\/\/vincentedelicacies.com\/#website","url":"https:\/\/vincentedelicacies.com\/","name":"Vincente Delicacies","description":"Un grande laboratorio di pasticceria","publisher":{"@id":"https:\/\/vincentedelicacies.com\/#organization"},"potentialAction":[{"@type":"SearchAction","target":{"@type":"EntryPoint","urlTemplate":"https:\/\/vincentedelicacies.com\/?s={search_term_string}"},"query-input":{"@type":"PropertyValueSpecification","valueRequired":true,"valueName":"search_term_string"}}],"inLanguage":"de"},{"@type":"Organization","@id":"https:\/\/vincentedelicacies.com\/#organization","name":"Vincente Delicacies","url":"https:\/\/vincentedelicacies.com\/","logo":{"@type":"ImageObject","inLanguage":"de","@id":"https:\/\/vincentedelicacies.com\/#\/schema\/logo\/image\/","url":"https:\/\/vincentedelicacies.com\/wp-content\/uploads\/2021\/06\/logo.png","contentUrl":"https:\/\/vincentedelicacies.com\/wp-content\/uploads\/2021\/06\/logo.png","width":159,"height":47,"caption":"Vincente Delicacies"},"image":{"@id":"https:\/\/vincentedelicacies.com\/#\/schema\/logo\/image\/"}}]}},"_links":{"self":[{"href":"https:\/\/vincentedelicacies.com\/de\/wp-json\/wp\/v2\/product\/18345","targetHints":{"allow":["GET"]}}],"collection":[{"href":"https:\/\/vincentedelicacies.com\/de\/wp-json\/wp\/v2\/product"}],"about":[{"href":"https:\/\/vincentedelicacies.com\/de\/wp-json\/wp\/v2\/types\/product"}],"replies":[{"embeddable":true,"href":"https:\/\/vincentedelicacies.com\/de\/wp-json\/wp\/v2\/comments?post=18345"}],"wp:featuredmedia":[{"embeddable":true,"href":"https:\/\/vincentedelicacies.com\/de\/wp-json\/wp\/v2\/media\/18347"}],"wp:attachment":[{"href":"https:\/\/vincentedelicacies.com\/de\/wp-json\/wp\/v2\/media?parent=18345"}],"wp:term":[{"taxonomy":"product_brand","embeddable":true,"href":"https:\/\/vincentedelicacies.com\/de\/wp-json\/wp\/v2\/product_brand?post=18345"},{"taxonomy":"product_cat","embeddable":true,"href":"https:\/\/vincentedelicacies.com\/de\/wp-json\/wp\/v2\/product_cat?post=18345"},{"taxonomy":"product_tag","embeddable":true,"href":"https:\/\/vincentedelicacies.com\/de\/wp-json\/wp\/v2\/product_tag?post=18345"}],"curies":[{"name":"wp","href":"https:\/\/api.w.org\/{rel}","templated":true}]}}