{"id":15128,"date":"2022-10-04T13:34:00","date_gmt":"2022-10-04T13:34:00","guid":{"rendered":"https:\/\/vincentedelicacies.com\/?post_type=product&#038;p=15128"},"modified":"2023-10-19T08:52:49","modified_gmt":"2023-10-19T08:52:49","slug":"lebendiger-3-schokoladen-panettone","status":"publish","type":"product","link":"https:\/\/vincentedelicacies.com\/de\/produkt\/lebendiger-3-schokoladen-panettone\/","title":{"rendered":"VIVACE - Panettone mit 3 Pralinen"},"content":{"rendered":"<p>Zutaten:<\/p>\n<div class=\"page\" title=\"Seite 4\">\n<div class=\"layoutArea\">\n<div class=\"column\">\n<p>Mehl von <strong>WEIZEN, BUTTER<\/strong>Zucker, Eigelb<strong>EGG<\/strong>5% extra dunkle Schokoladenst\u00fcckchen (Kakaomasse, Zucker, Dextrose, Emulgator: Kakao-Lecithin), 5% extra dunkle Schokoladenst\u00fcckchen (Kakaomasse, Zucker, Dextrose, Emulgator: Kakao-Lecithin). <strong>SOYA<\/strong>), Milchschokoladenst\u00fcckchen 5% (Zucker, Kakaobutter, Kakaomasse, Vollmilchpulver, Molke <strong>MILCH<\/strong> Pulver, Emulgator: Lecithin aus <strong>SOYA<\/strong>), wei\u00dfe Schokoladensplitter 5% (Zucker, <strong>MILCH<\/strong> Vollmilchpulver, Kakaobutter, <strong>MILCH<\/strong> Magermilchpulver, Emulgator: SOJA-Lecithin, nat\u00fcrliches Vanillearoma), nat\u00fcrliche Hefe (Weizenmehl, Wasser), Emulgatoren: Mono- und Diglyceride von Speisefetts\u00e4uren, Glukosesirup, <strong>MILCH<\/strong> entrahmtes Schokoladenpulver, Kakaobutter, Honig, nat\u00fcrliche Aromen, Salz. \u00dcberzug: Wei\u00dfe Schokolade 8% (Zucker, , Kakaobutter, <strong>MILCH<\/strong> Weizenvollkornpulver, Emulgator: Lecithin aus <strong>SOYA<\/strong>nat\u00fcrliches Vanillearoma), Zartbitterschokolade 0,5 % (dunkle Schokolade 84,0% (Kakaomasse, Zucker, Kakaobutter, Kakaofett, Kakao <strong>MILCH<\/strong>, Emulgator: Lecithin von <strong>SOYA<\/strong>nat\u00fcrliches Vanillearoma),Knusperm\u00fcsli (Mehl aus <strong>FRUMENTO<\/strong>Zucker, Malzmehl <strong>FRUMENTO<\/strong>St\u00e4rke (<strong>FRUMENTO<\/strong>), Backtriebmittel: E500ii, Salz, Kakaobutter, nat\u00fcrliches Vanillearoma), Glukosesirup, Zucker, \u00dcberzugsmittel: E414)), Cerealien mit Milchschokolade 0,5% (Milchschokolade 84,0% (Zucker, Kakaobutter, <strong>MILCH<\/strong> Vollmilchpulver, Kakaomasse, Molke <strong>MILCH<\/strong> Pulver, Emulgator: Lecithin aus <strong>SOYA<\/strong>nat\u00fcrliches Vanillearoma), Knusperm\u00fcsli (Mehl aus <strong>FRUMENTO<\/strong>Zucker, Malzmehl <strong>FRUMENTO<\/strong>St\u00e4rke (<strong>FRUMENTO<\/strong>), Backtriebmittel: E500ii, Salz, Kakaobutter, nat\u00fcrliches Vanillearoma), Glukosesirup, Zucker, \u00dcberzugsmittel: E414)), Wei\u00dfes Getreide mit Schokoladen\u00fcberzug 0,5% (wei\u00dfe Schokolade 84,0% (Zucker, Kakaobutter, <strong>MILCH<\/strong> ganzes Pulver, Molke von <strong>MILCH<\/strong> Pulver, Emulgator: Lecithin aus <strong>SOYA<\/strong>nat\u00fcrliches Vanillearoma), Knusperm\u00fcsli (Mehl aus <strong>FRUMENTO<\/strong>Zucker, Malzmehl <strong>FRUMENTO<\/strong>St\u00e4rke (<strong>FRUMENTO<\/strong>), Backtriebmittel: E500ii, Salz, Kakaobutter, nat\u00fcrliches Vanillearoma), Glukosesirup, Zucker, Glasurmittel: E414 )). Kann enthalten <strong>PISTAZIEN, MANDELN, HASELN\u00dcSSE, SENF UND LUPINEN.<\/strong><\/p>\n<\/div>\n<\/div>\n<\/div>","protected":false},"excerpt":{"rendered":"<p>Panettone mit <strong>3 Pralinen<\/strong> mit extra dunklen Schokoladentropfen 70%, Vollmilchschokolade 36% und wei\u00dfer Schokolade, \u00fcberzogen mit feiner wei\u00dfer Schokolade und Schokoladenkugeln.   750 g<\/p>","protected":false},"featured_media":15131,"comment_status":"open","ping_status":"closed","template":"","meta":[],"product_brand":[],"product_cat":[122,140],"product_tag":[],"class_list":{"0":"post-15128","1":"product","2":"type-product","3":"status-publish","4":"has-post-thumbnail","6":"product_cat-natale","7":"product_cat-panettoni-linea-classica","9":"first","10":"outofstock","11":"shipping-taxable","12":"product-type-variable"},"yoast_head":"<!-- This site is optimized with the Yoast SEO Premium plugin v21.8 (Yoast SEO v26.6) - https:\/\/yoast.com\/wordpress\/plugins\/seo\/ -->\n<title>VIVACE - Panettone ai 3 Cioccolati - Vincente Delicacies<\/title>\n<meta name=\"description\" content=\"Panettone ai 3 Cioccolati con gocce di Cioccolato Extra Fondente 70%, Cioccolato al Latte 36% e cioccolato Bianco, ricoperto di finissimo Cioccolato Bianco e Sfere di Cioccolato.\u00a0 \u00a0750 g\" \/>\n<meta name=\"robots\" content=\"index, follow, max-snippet:-1, max-image-preview:large, max-video-preview:-1\" \/>\n<link rel=\"canonical\" href=\"https:\/\/vincentedelicacies.com\/de\/produkt\/lebendiger-3-schokoladen-panettone\/\" \/>\n<meta property=\"og:locale\" content=\"de_DE\" \/>\n<meta property=\"og:type\" content=\"article\" \/>\n<meta property=\"og:title\" content=\"VIVACE - Panettone ai 3 Cioccolati\" \/>\n<meta property=\"og:description\" content=\"Panettone ai 3 Cioccolati con gocce di Cioccolato Extra Fondente 70%, Cioccolato al Latte 36% e cioccolato Bianco, ricoperto di finissimo Cioccolato Bianco e Sfere di Cioccolato.\u00a0 \u00a0750 g\" \/>\n<meta property=\"og:url\" content=\"https:\/\/vincentedelicacies.com\/de\/produkt\/lebendiger-3-schokoladen-panettone\/\" \/>\n<meta property=\"og:site_name\" content=\"Vincente Delicacies\" \/>\n<meta property=\"article:modified_time\" content=\"2023-10-19T08:52:49+00:00\" \/>\n<meta property=\"og:image\" content=\"https:\/\/vincentedelicacies.com\/wp-content\/uploads\/2022\/10\/vivace-ok.jpg\" \/>\n\t<meta property=\"og:image:width\" content=\"768\" \/>\n\t<meta property=\"og:image:height\" content=\"776\" \/>\n\t<meta property=\"og:image:type\" content=\"image\/jpeg\" \/>\n<meta name=\"twitter:card\" content=\"summary_large_image\" \/>\n<meta name=\"twitter:label1\" content=\"Gesch\u00e4tzte Lesezeit\" \/>\n\t<meta name=\"twitter:data1\" content=\"2\u00a0Minuten\" \/>\n<script type=\"application\/ld+json\" class=\"yoast-schema-graph\">{\"@context\":\"https:\/\/schema.org\",\"@graph\":[{\"@type\":\"WebPage\",\"@id\":\"https:\/\/vincentedelicacies.com\/prodotto\/vivace-panettone-ai-3-cioccolati\/\",\"url\":\"https:\/\/vincentedelicacies.com\/prodotto\/vivace-panettone-ai-3-cioccolati\/\",\"name\":\"VIVACE - Panettone ai 3 Cioccolati - Vincente Delicacies\",\"isPartOf\":{\"@id\":\"https:\/\/vincentedelicacies.com\/#website\"},\"primaryImageOfPage\":{\"@id\":\"https:\/\/vincentedelicacies.com\/prodotto\/vivace-panettone-ai-3-cioccolati\/#primaryimage\"},\"image\":{\"@id\":\"https:\/\/vincentedelicacies.com\/prodotto\/vivace-panettone-ai-3-cioccolati\/#primaryimage\"},\"thumbnailUrl\":\"https:\/\/vincentedelicacies.com\/wp-content\/uploads\/2022\/10\/vivace-ok.jpg\",\"datePublished\":\"2022-10-04T13:34:00+00:00\",\"dateModified\":\"2023-10-19T08:52:49+00:00\",\"description\":\"Panettone ai 3 Cioccolati con gocce di Cioccolato Extra Fondente 70%, Cioccolato al Latte 36% e cioccolato Bianco, ricoperto di finissimo Cioccolato Bianco e Sfere di Cioccolato.\u00a0 \u00a0750 g\",\"breadcrumb\":{\"@id\":\"https:\/\/vincentedelicacies.com\/prodotto\/vivace-panettone-ai-3-cioccolati\/#breadcrumb\"},\"inLanguage\":\"de\",\"potentialAction\":[{\"@type\":\"ReadAction\",\"target\":[\"https:\/\/vincentedelicacies.com\/prodotto\/vivace-panettone-ai-3-cioccolati\/\"]}]},{\"@type\":\"ImageObject\",\"inLanguage\":\"de\",\"@id\":\"https:\/\/vincentedelicacies.com\/prodotto\/vivace-panettone-ai-3-cioccolati\/#primaryimage\",\"url\":\"https:\/\/vincentedelicacies.com\/wp-content\/uploads\/2022\/10\/vivace-ok.jpg\",\"contentUrl\":\"https:\/\/vincentedelicacies.com\/wp-content\/uploads\/2022\/10\/vivace-ok.jpg\",\"width\":768,\"height\":776},{\"@type\":\"BreadcrumbList\",\"@id\":\"https:\/\/vincentedelicacies.com\/prodotto\/vivace-panettone-ai-3-cioccolati\/#breadcrumb\",\"itemListElement\":[{\"@type\":\"ListItem\",\"position\":1,\"name\":\"Home\",\"item\":\"https:\/\/vincentedelicacies.com\/\"},{\"@type\":\"ListItem\",\"position\":2,\"name\":\"Prodotti\",\"item\":\"https:\/\/vincentedelicacies.com\/shop1__trashed\/\"},{\"@type\":\"ListItem\",\"position\":3,\"name\":\"VIVACE &#8211; Panettone ai 3 Cioccolati\"}]},{\"@type\":\"WebSite\",\"@id\":\"https:\/\/vincentedelicacies.com\/#website\",\"url\":\"https:\/\/vincentedelicacies.com\/\",\"name\":\"Vincente Delicacies\",\"description\":\"Un grande laboratorio di pasticceria\",\"publisher\":{\"@id\":\"https:\/\/vincentedelicacies.com\/#organization\"},\"potentialAction\":[{\"@type\":\"SearchAction\",\"target\":{\"@type\":\"EntryPoint\",\"urlTemplate\":\"https:\/\/vincentedelicacies.com\/?s={search_term_string}\"},\"query-input\":{\"@type\":\"PropertyValueSpecification\",\"valueRequired\":true,\"valueName\":\"search_term_string\"}}],\"inLanguage\":\"de\"},{\"@type\":\"Organization\",\"@id\":\"https:\/\/vincentedelicacies.com\/#organization\",\"name\":\"Vincente Delicacies\",\"url\":\"https:\/\/vincentedelicacies.com\/\",\"logo\":{\"@type\":\"ImageObject\",\"inLanguage\":\"de\",\"@id\":\"https:\/\/vincentedelicacies.com\/#\/schema\/logo\/image\/\",\"url\":\"https:\/\/vincentedelicacies.com\/wp-content\/uploads\/2021\/06\/logo.png\",\"contentUrl\":\"https:\/\/vincentedelicacies.com\/wp-content\/uploads\/2021\/06\/logo.png\",\"width\":159,\"height\":47,\"caption\":\"Vincente Delicacies\"},\"image\":{\"@id\":\"https:\/\/vincentedelicacies.com\/#\/schema\/logo\/image\/\"}}]}<\/script>\n<!-- \/ Yoast SEO Premium plugin. -->","yoast_head_json":{"title":"VIVACE - Panettone ai 3 Cioccolati - Vincente Delicacies","description":"Panettone ai 3 Cioccolati con gocce di Cioccolato Extra Fondente 70%, Cioccolato al Latte 36% e cioccolato Bianco, ricoperto di finissimo Cioccolato Bianco e Sfere di Cioccolato.\u00a0 \u00a0750 g","robots":{"index":"index","follow":"follow","max-snippet":"max-snippet:-1","max-image-preview":"max-image-preview:large","max-video-preview":"max-video-preview:-1"},"canonical":"https:\/\/vincentedelicacies.com\/de\/produkt\/lebendiger-3-schokoladen-panettone\/","og_locale":"de_DE","og_type":"article","og_title":"VIVACE - Panettone ai 3 Cioccolati","og_description":"Panettone ai 3 Cioccolati con gocce di Cioccolato Extra Fondente 70%, Cioccolato al Latte 36% e cioccolato Bianco, ricoperto di finissimo Cioccolato Bianco e Sfere di Cioccolato.\u00a0 \u00a0750 g","og_url":"https:\/\/vincentedelicacies.com\/de\/produkt\/lebendiger-3-schokoladen-panettone\/","og_site_name":"Vincente Delicacies","article_modified_time":"2023-10-19T08:52:49+00:00","og_image":[{"width":768,"height":776,"url":"https:\/\/vincentedelicacies.com\/wp-content\/uploads\/2022\/10\/vivace-ok.jpg","type":"image\/jpeg"}],"twitter_card":"summary_large_image","twitter_misc":{"Gesch\u00e4tzte Lesezeit":"2\u00a0Minuten"},"schema":{"@context":"https:\/\/schema.org","@graph":[{"@type":"WebPage","@id":"https:\/\/vincentedelicacies.com\/prodotto\/vivace-panettone-ai-3-cioccolati\/","url":"https:\/\/vincentedelicacies.com\/prodotto\/vivace-panettone-ai-3-cioccolati\/","name":"VIVACE - Panettone ai 3 Cioccolati - Vincente Delicacies","isPartOf":{"@id":"https:\/\/vincentedelicacies.com\/#website"},"primaryImageOfPage":{"@id":"https:\/\/vincentedelicacies.com\/prodotto\/vivace-panettone-ai-3-cioccolati\/#primaryimage"},"image":{"@id":"https:\/\/vincentedelicacies.com\/prodotto\/vivace-panettone-ai-3-cioccolati\/#primaryimage"},"thumbnailUrl":"https:\/\/vincentedelicacies.com\/wp-content\/uploads\/2022\/10\/vivace-ok.jpg","datePublished":"2022-10-04T13:34:00+00:00","dateModified":"2023-10-19T08:52:49+00:00","description":"Panettone ai 3 Cioccolati con gocce di Cioccolato Extra Fondente 70%, Cioccolato al Latte 36% e cioccolato Bianco, ricoperto di finissimo Cioccolato Bianco e Sfere di Cioccolato.\u00a0 \u00a0750 g","breadcrumb":{"@id":"https:\/\/vincentedelicacies.com\/prodotto\/vivace-panettone-ai-3-cioccolati\/#breadcrumb"},"inLanguage":"de","potentialAction":[{"@type":"ReadAction","target":["https:\/\/vincentedelicacies.com\/prodotto\/vivace-panettone-ai-3-cioccolati\/"]}]},{"@type":"ImageObject","inLanguage":"de","@id":"https:\/\/vincentedelicacies.com\/prodotto\/vivace-panettone-ai-3-cioccolati\/#primaryimage","url":"https:\/\/vincentedelicacies.com\/wp-content\/uploads\/2022\/10\/vivace-ok.jpg","contentUrl":"https:\/\/vincentedelicacies.com\/wp-content\/uploads\/2022\/10\/vivace-ok.jpg","width":768,"height":776},{"@type":"BreadcrumbList","@id":"https:\/\/vincentedelicacies.com\/prodotto\/vivace-panettone-ai-3-cioccolati\/#breadcrumb","itemListElement":[{"@type":"ListItem","position":1,"name":"Home","item":"https:\/\/vincentedelicacies.com\/"},{"@type":"ListItem","position":2,"name":"Prodotti","item":"https:\/\/vincentedelicacies.com\/shop1__trashed\/"},{"@type":"ListItem","position":3,"name":"VIVACE &#8211; Panettone ai 3 Cioccolati"}]},{"@type":"WebSite","@id":"https:\/\/vincentedelicacies.com\/#website","url":"https:\/\/vincentedelicacies.com\/","name":"Vincente Delicacies","description":"Un grande laboratorio di pasticceria","publisher":{"@id":"https:\/\/vincentedelicacies.com\/#organization"},"potentialAction":[{"@type":"SearchAction","target":{"@type":"EntryPoint","urlTemplate":"https:\/\/vincentedelicacies.com\/?s={search_term_string}"},"query-input":{"@type":"PropertyValueSpecification","valueRequired":true,"valueName":"search_term_string"}}],"inLanguage":"de"},{"@type":"Organization","@id":"https:\/\/vincentedelicacies.com\/#organization","name":"Vincente Delicacies","url":"https:\/\/vincentedelicacies.com\/","logo":{"@type":"ImageObject","inLanguage":"de","@id":"https:\/\/vincentedelicacies.com\/#\/schema\/logo\/image\/","url":"https:\/\/vincentedelicacies.com\/wp-content\/uploads\/2021\/06\/logo.png","contentUrl":"https:\/\/vincentedelicacies.com\/wp-content\/uploads\/2021\/06\/logo.png","width":159,"height":47,"caption":"Vincente Delicacies"},"image":{"@id":"https:\/\/vincentedelicacies.com\/#\/schema\/logo\/image\/"}}]}},"_links":{"self":[{"href":"https:\/\/vincentedelicacies.com\/de\/wp-json\/wp\/v2\/product\/15128","targetHints":{"allow":["GET"]}}],"collection":[{"href":"https:\/\/vincentedelicacies.com\/de\/wp-json\/wp\/v2\/product"}],"about":[{"href":"https:\/\/vincentedelicacies.com\/de\/wp-json\/wp\/v2\/types\/product"}],"replies":[{"embeddable":true,"href":"https:\/\/vincentedelicacies.com\/de\/wp-json\/wp\/v2\/comments?post=15128"}],"wp:featuredmedia":[{"embeddable":true,"href":"https:\/\/vincentedelicacies.com\/de\/wp-json\/wp\/v2\/media\/15131"}],"wp:attachment":[{"href":"https:\/\/vincentedelicacies.com\/de\/wp-json\/wp\/v2\/media?parent=15128"}],"wp:term":[{"taxonomy":"product_brand","embeddable":true,"href":"https:\/\/vincentedelicacies.com\/de\/wp-json\/wp\/v2\/product_brand?post=15128"},{"taxonomy":"product_cat","embeddable":true,"href":"https:\/\/vincentedelicacies.com\/de\/wp-json\/wp\/v2\/product_cat?post=15128"},{"taxonomy":"product_tag","embeddable":true,"href":"https:\/\/vincentedelicacies.com\/de\/wp-json\/wp\/v2\/product_tag?post=15128"}],"curies":[{"name":"wp","href":"https:\/\/api.w.org\/{rel}","templated":true}]}}