{"id":14443,"date":"2022-02-23T08:35:13","date_gmt":"2022-02-23T08:35:13","guid":{"rendered":"https:\/\/vincentedelicacies.com\/?post_type=product&#038;p=14443"},"modified":"2023-04-04T13:30:23","modified_gmt":"2023-04-04T13:30:23","slug":"le-chic-colomba-handwerklich-hergestellte-pandorata-mit-einem-uberzug-aus-70-zartbitterschokolade-und-pistazienkornern-gefullt-mit-bronzener-gruner-pistaziencreme-d-o-p","status":"publish","type":"product","link":"https:\/\/vincentedelicacies.com\/de\/produkt\/le-chic-colomba-handwerklich-hergestellte-pandorata-mit-einem-uberzug-aus-70-zartbitterschokolade-und-pistazienkornern-gefullt-mit-bronzener-gruner-pistaziencreme-d-o-p\/","title":{"rendered":"LE CHIC - Handgefertigte Pandoro-Taube, umh\u00fcllt von 70% Zartbitterschokolade und Schokoladensplittern, gef\u00fcllt mit Modica-Schokoladencreme"},"content":{"rendered":"<p>Zutaten: Mehl aus <strong>FRUMENTO<\/strong>, <strong>BUTTER<\/strong>Zucker, Eigelb <strong>der EGG<\/strong>nat\u00fcrliche Hefe (Mehl) <strong>FRUMENTO<\/strong>, Wasser), Emulgatoren: Mono- und Diglyceride von Speisefetts\u00e4uren, Glukosesirup, <strong>MILCH<\/strong> entrahmtes Kakaopulver, Kakaobutter, Honig, nat\u00fcrliche Aromen, Salz. F\u00fcllung: Schokoladencreme mit \"Cioccolato di Modica IGP\" 16% (Zucker, fettarmes Kakaopulver, <strong>HAZELNUTS<\/strong>Cioccolato di Modica IGP \"10% (Kakaomasse 60%, Rohrzucker), <strong>MILCH<\/strong> Pulver, Molke aus <strong>MILCH<\/strong> Pulver, ungeh\u00e4rtete pflanzliche Fette (Sonnenblumen\u00f6l, Kokosnuss\u00f6l, Kakaobutter), Emulgator: Kakao-Lecithin <strong>SOYA<\/strong>, Aromen, Alkoholhydrat). \u00dcberzug: \"Cioccolato di Modica IGP\" 6 % (Kakaomasse 60%, Rohrzucker), Schokoladenchips von \"Cioccolato di Modica IGP\" 2% (Kakaomasse 60%, Rohrzucker). Kann enthalten <strong>PISTAZIE, MANDEL, SENF UND LUPINE.<\/strong><\/p>","protected":false},"excerpt":{"rendered":"<p>Zutaten: WEIZENMEHL, BUTTER, Zucker, Eigelb, nat\u00fcrliche Hefe (WEIZENMEHL, Wasser), Emulgatoren: Weizenmehl, Eigelb,...<\/p>","protected":false},"featured_media":14400,"comment_status":"open","ping_status":"closed","template":"","meta":[],"product_brand":[],"product_cat":[46,112],"product_tag":[],"class_list":{"0":"post-14443","1":"product","2":"type-product","3":"status-publish","4":"has-post-thumbnail","6":"product_cat-pasqua","7":"product_cat-farcite-in-scatola","9":"first","10":"outofstock","11":"shipping-taxable","12":"product-type-simple"},"yoast_head":"<!-- This site is optimized with the Yoast SEO Premium plugin v21.8 (Yoast SEO v26.6) - https:\/\/yoast.com\/wordpress\/plugins\/seo\/ -->\n<title>LE CHIC \u2013 Colomba artigianale pandorata ricoperta di cioccolato fondente al 70% e granella di cioccolato modicano farcita con crema al cioccolato di Modica - Vincente Delicacies<\/title>\n<meta name=\"description\" content=\"Ingredienti: farina di FRUMENTO, BURRO, zucchero, tuorlo d\u2019UOVO, lievito naturale (farina di FRUMENTO, acqua), emulsionanti: mono e digliceridi degli\" \/>\n<meta name=\"robots\" content=\"index, follow, max-snippet:-1, max-image-preview:large, max-video-preview:-1\" \/>\n<link rel=\"canonical\" href=\"https:\/\/vincentedelicacies.com\/de\/produkt\/le-chic-colomba-handwerklich-hergestellte-pandorata-mit-einem-uberzug-aus-70-zartbitterschokolade-und-pistazienkornern-gefullt-mit-bronzener-gruner-pistaziencreme-d-o-p\/\" \/>\n<meta property=\"og:locale\" content=\"de_DE\" \/>\n<meta property=\"og:type\" content=\"article\" \/>\n<meta property=\"og:title\" content=\"LE CHIC \u2013 Colomba artigianale pandorata ricoperta di cioccolato fondente al 70% e granella di cioccolato modicano farcita con crema al cioccolato di Modica\" \/>\n<meta property=\"og:description\" content=\"Ingredienti: farina di FRUMENTO, BURRO, zucchero, tuorlo d\u2019UOVO, lievito naturale (farina di FRUMENTO, acqua), emulsionanti: mono e digliceridi degli\" \/>\n<meta property=\"og:url\" content=\"https:\/\/vincentedelicacies.com\/de\/produkt\/le-chic-colomba-handwerklich-hergestellte-pandorata-mit-einem-uberzug-aus-70-zartbitterschokolade-und-pistazienkornern-gefullt-mit-bronzener-gruner-pistaziencreme-d-o-p\/\" \/>\n<meta property=\"og:site_name\" content=\"Vincente Delicacies\" \/>\n<meta property=\"article:modified_time\" content=\"2023-04-04T13:30:23+00:00\" \/>\n<meta property=\"og:image\" content=\"https:\/\/vincentedelicacies.com\/wp-content\/uploads\/2021\/06\/colomba-ricoperta-ciocc-fondente-granella-ripiena-alla-crema-di-modica-1-1.jpg\" \/>\n\t<meta property=\"og:image:width\" content=\"890\" \/>\n\t<meta property=\"og:image:height\" content=\"899\" \/>\n\t<meta property=\"og:image:type\" content=\"image\/jpeg\" \/>\n<meta name=\"twitter:card\" content=\"summary_large_image\" \/>\n<meta name=\"twitter:label1\" content=\"Gesch\u00e4tzte Lesezeit\" \/>\n\t<meta name=\"twitter:data1\" content=\"1\u00a0Minute\" \/>\n<script type=\"application\/ld+json\" class=\"yoast-schema-graph\">{\"@context\":\"https:\/\/schema.org\",\"@graph\":[{\"@type\":\"WebPage\",\"@id\":\"https:\/\/vincentedelicacies.com\/prodotto\/le-chic-colomba-artigianale-pandorata-ricoperta-di-cioccolato-fondente-al-70-e-granella-di-pistacchio-farcita-con-crema-al-pistacchio-verde-di-bronte-d-o-p\/\",\"url\":\"https:\/\/vincentedelicacies.com\/prodotto\/le-chic-colomba-artigianale-pandorata-ricoperta-di-cioccolato-fondente-al-70-e-granella-di-pistacchio-farcita-con-crema-al-pistacchio-verde-di-bronte-d-o-p\/\",\"name\":\"LE CHIC \u2013 Colomba artigianale pandorata ricoperta di cioccolato fondente al 70% e granella di cioccolato modicano farcita con crema al cioccolato di Modica - Vincente Delicacies\",\"isPartOf\":{\"@id\":\"https:\/\/vincentedelicacies.com\/#website\"},\"primaryImageOfPage\":{\"@id\":\"https:\/\/vincentedelicacies.com\/prodotto\/le-chic-colomba-artigianale-pandorata-ricoperta-di-cioccolato-fondente-al-70-e-granella-di-pistacchio-farcita-con-crema-al-pistacchio-verde-di-bronte-d-o-p\/#primaryimage\"},\"image\":{\"@id\":\"https:\/\/vincentedelicacies.com\/prodotto\/le-chic-colomba-artigianale-pandorata-ricoperta-di-cioccolato-fondente-al-70-e-granella-di-pistacchio-farcita-con-crema-al-pistacchio-verde-di-bronte-d-o-p\/#primaryimage\"},\"thumbnailUrl\":\"https:\/\/vincentedelicacies.com\/wp-content\/uploads\/2021\/06\/colomba-ricoperta-ciocc-fondente-granella-ripiena-alla-crema-di-modica-1-1.jpg\",\"datePublished\":\"2022-02-23T08:35:13+00:00\",\"dateModified\":\"2023-04-04T13:30:23+00:00\",\"description\":\"Ingredienti: farina di FRUMENTO, BURRO, zucchero, tuorlo d\u2019UOVO, lievito naturale (farina di FRUMENTO, acqua), emulsionanti: mono e digliceridi degli\",\"breadcrumb\":{\"@id\":\"https:\/\/vincentedelicacies.com\/prodotto\/le-chic-colomba-artigianale-pandorata-ricoperta-di-cioccolato-fondente-al-70-e-granella-di-pistacchio-farcita-con-crema-al-pistacchio-verde-di-bronte-d-o-p\/#breadcrumb\"},\"inLanguage\":\"de\",\"potentialAction\":[{\"@type\":\"ReadAction\",\"target\":[\"https:\/\/vincentedelicacies.com\/prodotto\/le-chic-colomba-artigianale-pandorata-ricoperta-di-cioccolato-fondente-al-70-e-granella-di-pistacchio-farcita-con-crema-al-pistacchio-verde-di-bronte-d-o-p\/\"]}]},{\"@type\":\"ImageObject\",\"inLanguage\":\"de\",\"@id\":\"https:\/\/vincentedelicacies.com\/prodotto\/le-chic-colomba-artigianale-pandorata-ricoperta-di-cioccolato-fondente-al-70-e-granella-di-pistacchio-farcita-con-crema-al-pistacchio-verde-di-bronte-d-o-p\/#primaryimage\",\"url\":\"https:\/\/vincentedelicacies.com\/wp-content\/uploads\/2021\/06\/colomba-ricoperta-ciocc-fondente-granella-ripiena-alla-crema-di-modica-1-1.jpg\",\"contentUrl\":\"https:\/\/vincentedelicacies.com\/wp-content\/uploads\/2021\/06\/colomba-ricoperta-ciocc-fondente-granella-ripiena-alla-crema-di-modica-1-1.jpg\",\"width\":890,\"height\":899,\"caption\":\"Colomba Ricoperta di Cioccolato e Farcita con Crema al Cioccolato di Modica\"},{\"@type\":\"BreadcrumbList\",\"@id\":\"https:\/\/vincentedelicacies.com\/prodotto\/le-chic-colomba-artigianale-pandorata-ricoperta-di-cioccolato-fondente-al-70-e-granella-di-pistacchio-farcita-con-crema-al-pistacchio-verde-di-bronte-d-o-p\/#breadcrumb\",\"itemListElement\":[{\"@type\":\"ListItem\",\"position\":1,\"name\":\"Home\",\"item\":\"https:\/\/vincentedelicacies.com\/\"},{\"@type\":\"ListItem\",\"position\":2,\"name\":\"Prodotti\",\"item\":\"https:\/\/vincentedelicacies.com\/shop1__trashed\/\"},{\"@type\":\"ListItem\",\"position\":3,\"name\":\"LE CHIC \u2013 Colomba artigianale pandorata ricoperta di cioccolato fondente al 70% e granella di cioccolato modicano farcita con crema al cioccolato di Modica\"}]},{\"@type\":\"WebSite\",\"@id\":\"https:\/\/vincentedelicacies.com\/#website\",\"url\":\"https:\/\/vincentedelicacies.com\/\",\"name\":\"Vincente Delicacies\",\"description\":\"Un grande laboratorio di pasticceria\",\"publisher\":{\"@id\":\"https:\/\/vincentedelicacies.com\/#organization\"},\"potentialAction\":[{\"@type\":\"SearchAction\",\"target\":{\"@type\":\"EntryPoint\",\"urlTemplate\":\"https:\/\/vincentedelicacies.com\/?s={search_term_string}\"},\"query-input\":{\"@type\":\"PropertyValueSpecification\",\"valueRequired\":true,\"valueName\":\"search_term_string\"}}],\"inLanguage\":\"de\"},{\"@type\":\"Organization\",\"@id\":\"https:\/\/vincentedelicacies.com\/#organization\",\"name\":\"Vincente Delicacies\",\"url\":\"https:\/\/vincentedelicacies.com\/\",\"logo\":{\"@type\":\"ImageObject\",\"inLanguage\":\"de\",\"@id\":\"https:\/\/vincentedelicacies.com\/#\/schema\/logo\/image\/\",\"url\":\"https:\/\/vincentedelicacies.com\/wp-content\/uploads\/2021\/06\/logo.png\",\"contentUrl\":\"https:\/\/vincentedelicacies.com\/wp-content\/uploads\/2021\/06\/logo.png\",\"width\":159,\"height\":47,\"caption\":\"Vincente Delicacies\"},\"image\":{\"@id\":\"https:\/\/vincentedelicacies.com\/#\/schema\/logo\/image\/\"}}]}<\/script>\n<!-- \/ Yoast SEO Premium plugin. -->","yoast_head_json":{"title":"LE CHIC \u2013 Colomba artigianale pandorata ricoperta di cioccolato fondente al 70% e granella di cioccolato modicano farcita con crema al cioccolato di Modica - Vincente Delicacies","description":"Ingredienti: farina di FRUMENTO, BURRO, zucchero, tuorlo d\u2019UOVO, lievito naturale (farina di FRUMENTO, acqua), emulsionanti: mono e digliceridi degli","robots":{"index":"index","follow":"follow","max-snippet":"max-snippet:-1","max-image-preview":"max-image-preview:large","max-video-preview":"max-video-preview:-1"},"canonical":"https:\/\/vincentedelicacies.com\/de\/produkt\/le-chic-colomba-handwerklich-hergestellte-pandorata-mit-einem-uberzug-aus-70-zartbitterschokolade-und-pistazienkornern-gefullt-mit-bronzener-gruner-pistaziencreme-d-o-p\/","og_locale":"de_DE","og_type":"article","og_title":"LE CHIC \u2013 Colomba artigianale pandorata ricoperta di cioccolato fondente al 70% e granella di cioccolato modicano farcita con crema al cioccolato di Modica","og_description":"Ingredienti: farina di FRUMENTO, BURRO, zucchero, tuorlo d\u2019UOVO, lievito naturale (farina di FRUMENTO, acqua), emulsionanti: mono e digliceridi degli","og_url":"https:\/\/vincentedelicacies.com\/de\/produkt\/le-chic-colomba-handwerklich-hergestellte-pandorata-mit-einem-uberzug-aus-70-zartbitterschokolade-und-pistazienkornern-gefullt-mit-bronzener-gruner-pistaziencreme-d-o-p\/","og_site_name":"Vincente Delicacies","article_modified_time":"2023-04-04T13:30:23+00:00","og_image":[{"width":890,"height":899,"url":"https:\/\/vincentedelicacies.com\/wp-content\/uploads\/2021\/06\/colomba-ricoperta-ciocc-fondente-granella-ripiena-alla-crema-di-modica-1-1.jpg","type":"image\/jpeg"}],"twitter_card":"summary_large_image","twitter_misc":{"Gesch\u00e4tzte Lesezeit":"1\u00a0Minute"},"schema":{"@context":"https:\/\/schema.org","@graph":[{"@type":"WebPage","@id":"https:\/\/vincentedelicacies.com\/prodotto\/le-chic-colomba-artigianale-pandorata-ricoperta-di-cioccolato-fondente-al-70-e-granella-di-pistacchio-farcita-con-crema-al-pistacchio-verde-di-bronte-d-o-p\/","url":"https:\/\/vincentedelicacies.com\/prodotto\/le-chic-colomba-artigianale-pandorata-ricoperta-di-cioccolato-fondente-al-70-e-granella-di-pistacchio-farcita-con-crema-al-pistacchio-verde-di-bronte-d-o-p\/","name":"LE CHIC \u2013 Colomba artigianale pandorata ricoperta di cioccolato fondente al 70% e granella di cioccolato modicano farcita con crema al cioccolato di Modica - Vincente Delicacies","isPartOf":{"@id":"https:\/\/vincentedelicacies.com\/#website"},"primaryImageOfPage":{"@id":"https:\/\/vincentedelicacies.com\/prodotto\/le-chic-colomba-artigianale-pandorata-ricoperta-di-cioccolato-fondente-al-70-e-granella-di-pistacchio-farcita-con-crema-al-pistacchio-verde-di-bronte-d-o-p\/#primaryimage"},"image":{"@id":"https:\/\/vincentedelicacies.com\/prodotto\/le-chic-colomba-artigianale-pandorata-ricoperta-di-cioccolato-fondente-al-70-e-granella-di-pistacchio-farcita-con-crema-al-pistacchio-verde-di-bronte-d-o-p\/#primaryimage"},"thumbnailUrl":"https:\/\/vincentedelicacies.com\/wp-content\/uploads\/2021\/06\/colomba-ricoperta-ciocc-fondente-granella-ripiena-alla-crema-di-modica-1-1.jpg","datePublished":"2022-02-23T08:35:13+00:00","dateModified":"2023-04-04T13:30:23+00:00","description":"Ingredienti: farina di FRUMENTO, BURRO, zucchero, tuorlo d\u2019UOVO, lievito naturale (farina di FRUMENTO, acqua), emulsionanti: mono e digliceridi degli","breadcrumb":{"@id":"https:\/\/vincentedelicacies.com\/prodotto\/le-chic-colomba-artigianale-pandorata-ricoperta-di-cioccolato-fondente-al-70-e-granella-di-pistacchio-farcita-con-crema-al-pistacchio-verde-di-bronte-d-o-p\/#breadcrumb"},"inLanguage":"de","potentialAction":[{"@type":"ReadAction","target":["https:\/\/vincentedelicacies.com\/prodotto\/le-chic-colomba-artigianale-pandorata-ricoperta-di-cioccolato-fondente-al-70-e-granella-di-pistacchio-farcita-con-crema-al-pistacchio-verde-di-bronte-d-o-p\/"]}]},{"@type":"ImageObject","inLanguage":"de","@id":"https:\/\/vincentedelicacies.com\/prodotto\/le-chic-colomba-artigianale-pandorata-ricoperta-di-cioccolato-fondente-al-70-e-granella-di-pistacchio-farcita-con-crema-al-pistacchio-verde-di-bronte-d-o-p\/#primaryimage","url":"https:\/\/vincentedelicacies.com\/wp-content\/uploads\/2021\/06\/colomba-ricoperta-ciocc-fondente-granella-ripiena-alla-crema-di-modica-1-1.jpg","contentUrl":"https:\/\/vincentedelicacies.com\/wp-content\/uploads\/2021\/06\/colomba-ricoperta-ciocc-fondente-granella-ripiena-alla-crema-di-modica-1-1.jpg","width":890,"height":899,"caption":"Colomba Ricoperta di Cioccolato e Farcita con Crema al Cioccolato di Modica"},{"@type":"BreadcrumbList","@id":"https:\/\/vincentedelicacies.com\/prodotto\/le-chic-colomba-artigianale-pandorata-ricoperta-di-cioccolato-fondente-al-70-e-granella-di-pistacchio-farcita-con-crema-al-pistacchio-verde-di-bronte-d-o-p\/#breadcrumb","itemListElement":[{"@type":"ListItem","position":1,"name":"Home","item":"https:\/\/vincentedelicacies.com\/"},{"@type":"ListItem","position":2,"name":"Prodotti","item":"https:\/\/vincentedelicacies.com\/shop1__trashed\/"},{"@type":"ListItem","position":3,"name":"LE CHIC \u2013 Colomba artigianale pandorata ricoperta di cioccolato fondente al 70% e granella di cioccolato modicano farcita con crema al cioccolato di Modica"}]},{"@type":"WebSite","@id":"https:\/\/vincentedelicacies.com\/#website","url":"https:\/\/vincentedelicacies.com\/","name":"Vincente Delicacies","description":"Un grande laboratorio di pasticceria","publisher":{"@id":"https:\/\/vincentedelicacies.com\/#organization"},"potentialAction":[{"@type":"SearchAction","target":{"@type":"EntryPoint","urlTemplate":"https:\/\/vincentedelicacies.com\/?s={search_term_string}"},"query-input":{"@type":"PropertyValueSpecification","valueRequired":true,"valueName":"search_term_string"}}],"inLanguage":"de"},{"@type":"Organization","@id":"https:\/\/vincentedelicacies.com\/#organization","name":"Vincente Delicacies","url":"https:\/\/vincentedelicacies.com\/","logo":{"@type":"ImageObject","inLanguage":"de","@id":"https:\/\/vincentedelicacies.com\/#\/schema\/logo\/image\/","url":"https:\/\/vincentedelicacies.com\/wp-content\/uploads\/2021\/06\/logo.png","contentUrl":"https:\/\/vincentedelicacies.com\/wp-content\/uploads\/2021\/06\/logo.png","width":159,"height":47,"caption":"Vincente Delicacies"},"image":{"@id":"https:\/\/vincentedelicacies.com\/#\/schema\/logo\/image\/"}}]}},"_links":{"self":[{"href":"https:\/\/vincentedelicacies.com\/de\/wp-json\/wp\/v2\/product\/14443","targetHints":{"allow":["GET"]}}],"collection":[{"href":"https:\/\/vincentedelicacies.com\/de\/wp-json\/wp\/v2\/product"}],"about":[{"href":"https:\/\/vincentedelicacies.com\/de\/wp-json\/wp\/v2\/types\/product"}],"replies":[{"embeddable":true,"href":"https:\/\/vincentedelicacies.com\/de\/wp-json\/wp\/v2\/comments?post=14443"}],"wp:featuredmedia":[{"embeddable":true,"href":"https:\/\/vincentedelicacies.com\/de\/wp-json\/wp\/v2\/media\/14400"}],"wp:attachment":[{"href":"https:\/\/vincentedelicacies.com\/de\/wp-json\/wp\/v2\/media?parent=14443"}],"wp:term":[{"taxonomy":"product_brand","embeddable":true,"href":"https:\/\/vincentedelicacies.com\/de\/wp-json\/wp\/v2\/product_brand?post=14443"},{"taxonomy":"product_cat","embeddable":true,"href":"https:\/\/vincentedelicacies.com\/de\/wp-json\/wp\/v2\/product_cat?post=14443"},{"taxonomy":"product_tag","embeddable":true,"href":"https:\/\/vincentedelicacies.com\/de\/wp-json\/wp\/v2\/product_tag?post=14443"}],"curies":[{"name":"wp","href":"https:\/\/api.w.org\/{rel}","templated":true}]}}