{"id":13367,"date":"2021-11-15T09:22:40","date_gmt":"2021-11-15T09:22:40","guid":{"rendered":"https:\/\/vincentedelicacies.com\/?post_type=product&#038;p=13367"},"modified":"2023-10-19T06:47:51","modified_gmt":"2023-10-19T06:47:51","slug":"pistaziencreme-mit-pistazien-verde-di-bronte-dop-600","status":"publish","type":"product","link":"https:\/\/vincentedelicacies.com\/de\/produkt\/pistaziencreme-mit-pistazien-verde-di-bronte-dop-600\/","title":{"rendered":"Pistaziencreme mit 'Bronte Green Pistachio DOP' 600g"},"content":{"rendered":"<p>Zutaten:<\/p>\n<p><strong>\"PISTACHIO<\/strong> verde di Bronte DOP' 45%, Zucker,<strong> MILCH<\/strong> Pulver, ungeh\u00e4rtete pflanzliche Fette (Sonnenblumen\u00f6l, Kakaobutter), natives Oliven\u00f6l extra, Emulgator: Lecithin aus <strong>SOYA.<\/strong><\/p>\n<p>Kann andere N\u00fcsse enthalten: <strong>Mandeln, Haseln\u00fcsse<\/strong>.<\/p>","protected":false},"excerpt":{"rendered":"<p>Pistaziencreme mit \"Pistacchio Verde di Bronte DOP\" 45%, handgefertigt, um die N\u00e4hrwerte und den einzigartigen Geschmack der Pistazie zu erhalten.<br \/>\nDie Pistaziencreme von Vincente mit ihrem intensiven und umh\u00fcllenden Geschmack eignet sich hervorragend zum Bestreichen von Toast oder einer Scheibe Brot f\u00fcr einen Moment der K\u00f6stlichkeit oder zum F\u00fcllen von Kuchen und Torten. 600 gr<\/p>","protected":false},"featured_media":18824,"comment_status":"open","ping_status":"closed","template":"","meta":[],"product_brand":[],"product_cat":[42,434],"product_tag":[],"class_list":{"0":"post-13367","1":"product","2":"type-product","3":"status-publish","4":"has-post-thumbnail","6":"product_cat-creme-spalmabili","7":"product_cat-creme-spalmabili-2","9":"first","10":"instock","11":"shipping-taxable","12":"product-type-simple"},"yoast_head":"<!-- This site is optimized with the Yoast SEO Premium plugin v21.8 (Yoast SEO v26.6) - https:\/\/yoast.com\/wordpress\/plugins\/seo\/ -->\n<title>Crema al Pistacchio con \u201cPistacchio Verde di Bronte DOP\u201d 600g - Vincente Delicacies<\/title>\n<meta name=\"description\" content=\"Crema con Pistacchio Verde di Bronte DOP lavorato artigianalmente per preservarne i valori nutrizionali e il gusto unico del pistacchio.\" \/>\n<meta name=\"robots\" content=\"index, follow, max-snippet:-1, max-image-preview:large, max-video-preview:-1\" \/>\n<link rel=\"canonical\" href=\"https:\/\/vincentedelicacies.com\/de\/produkt\/pistaziencreme-mit-pistazien-verde-di-bronte-dop-600\/\" \/>\n<meta property=\"og:locale\" content=\"de_DE\" \/>\n<meta property=\"og:type\" content=\"article\" \/>\n<meta property=\"og:title\" content=\"Crema al Pistacchio con \u201cPistacchio Verde di Bronte DOP\u201d 600g\" \/>\n<meta property=\"og:description\" content=\"Crema al pistacchio con \u201cPistacchio Verde di Bronte DOP\u201d 45%, lavorato artigianalmente per preservarne i valori nutrizionali e il gusto unico del pistacchio. La crema al pistacchio Vincente, dal gusto intenso e avvolgente \u00e8 perfetta da spalmare su fette biscottate o su una fetta di pane per un momento di golosit\u00e0 o per farcire torte e crostate. 600 gr\" \/>\n<meta property=\"og:url\" content=\"https:\/\/vincentedelicacies.com\/de\/produkt\/pistaziencreme-mit-pistazien-verde-di-bronte-dop-600\/\" \/>\n<meta property=\"og:site_name\" content=\"Vincente Delicacies\" \/>\n<meta property=\"article:modified_time\" content=\"2023-10-19T06:47:51+00:00\" \/>\n<meta property=\"og:image\" content=\"https:\/\/vincentedelicacies.com\/wp-content\/uploads\/2021\/11\/crema-pistacchio-600-gr.jpg\" \/>\n\t<meta property=\"og:image:width\" content=\"790\" \/>\n\t<meta property=\"og:image:height\" content=\"799\" \/>\n\t<meta property=\"og:image:type\" content=\"image\/jpeg\" \/>\n<meta name=\"twitter:card\" content=\"summary_large_image\" \/>\n<meta name=\"twitter:label1\" content=\"Gesch\u00e4tzte Lesezeit\" \/>\n\t<meta name=\"twitter:data1\" content=\"1\u00a0Minute\" \/>\n<script type=\"application\/ld+json\" class=\"yoast-schema-graph\">{\"@context\":\"https:\/\/schema.org\",\"@graph\":[{\"@type\":\"WebPage\",\"@id\":\"https:\/\/vincentedelicacies.com\/prodotto\/crema-al-pistacchio-con-pistacchio-verde-di-bronte-dop-600\/\",\"url\":\"https:\/\/vincentedelicacies.com\/prodotto\/crema-al-pistacchio-con-pistacchio-verde-di-bronte-dop-600\/\",\"name\":\"Crema al Pistacchio con \u201cPistacchio Verde di Bronte DOP\u201d 600g - Vincente Delicacies\",\"isPartOf\":{\"@id\":\"https:\/\/vincentedelicacies.com\/#website\"},\"primaryImageOfPage\":{\"@id\":\"https:\/\/vincentedelicacies.com\/prodotto\/crema-al-pistacchio-con-pistacchio-verde-di-bronte-dop-600\/#primaryimage\"},\"image\":{\"@id\":\"https:\/\/vincentedelicacies.com\/prodotto\/crema-al-pistacchio-con-pistacchio-verde-di-bronte-dop-600\/#primaryimage\"},\"thumbnailUrl\":\"https:\/\/vincentedelicacies.com\/wp-content\/uploads\/2021\/11\/crema-pistacchio-600-gr.jpg\",\"datePublished\":\"2021-11-15T09:22:40+00:00\",\"dateModified\":\"2023-10-19T06:47:51+00:00\",\"description\":\"Crema con Pistacchio Verde di Bronte DOP lavorato artigianalmente per preservarne i valori nutrizionali e il gusto unico del pistacchio.\",\"breadcrumb\":{\"@id\":\"https:\/\/vincentedelicacies.com\/prodotto\/crema-al-pistacchio-con-pistacchio-verde-di-bronte-dop-600\/#breadcrumb\"},\"inLanguage\":\"de\",\"potentialAction\":[{\"@type\":\"ReadAction\",\"target\":[\"https:\/\/vincentedelicacies.com\/prodotto\/crema-al-pistacchio-con-pistacchio-verde-di-bronte-dop-600\/\"]}]},{\"@type\":\"ImageObject\",\"inLanguage\":\"de\",\"@id\":\"https:\/\/vincentedelicacies.com\/prodotto\/crema-al-pistacchio-con-pistacchio-verde-di-bronte-dop-600\/#primaryimage\",\"url\":\"https:\/\/vincentedelicacies.com\/wp-content\/uploads\/2021\/11\/crema-pistacchio-600-gr.jpg\",\"contentUrl\":\"https:\/\/vincentedelicacies.com\/wp-content\/uploads\/2021\/11\/crema-pistacchio-600-gr.jpg\",\"width\":790,\"height\":799},{\"@type\":\"BreadcrumbList\",\"@id\":\"https:\/\/vincentedelicacies.com\/prodotto\/crema-al-pistacchio-con-pistacchio-verde-di-bronte-dop-600\/#breadcrumb\",\"itemListElement\":[{\"@type\":\"ListItem\",\"position\":1,\"name\":\"Home\",\"item\":\"https:\/\/vincentedelicacies.com\/\"},{\"@type\":\"ListItem\",\"position\":2,\"name\":\"Prodotti\",\"item\":\"https:\/\/vincentedelicacies.com\/shop1__trashed\/\"},{\"@type\":\"ListItem\",\"position\":3,\"name\":\"Crema al Pistacchio con \u201cPistacchio Verde di Bronte DOP\u201d 600g\"}]},{\"@type\":\"WebSite\",\"@id\":\"https:\/\/vincentedelicacies.com\/#website\",\"url\":\"https:\/\/vincentedelicacies.com\/\",\"name\":\"Vincente Delicacies\",\"description\":\"Un grande laboratorio di pasticceria\",\"publisher\":{\"@id\":\"https:\/\/vincentedelicacies.com\/#organization\"},\"potentialAction\":[{\"@type\":\"SearchAction\",\"target\":{\"@type\":\"EntryPoint\",\"urlTemplate\":\"https:\/\/vincentedelicacies.com\/?s={search_term_string}\"},\"query-input\":{\"@type\":\"PropertyValueSpecification\",\"valueRequired\":true,\"valueName\":\"search_term_string\"}}],\"inLanguage\":\"de\"},{\"@type\":\"Organization\",\"@id\":\"https:\/\/vincentedelicacies.com\/#organization\",\"name\":\"Vincente Delicacies\",\"url\":\"https:\/\/vincentedelicacies.com\/\",\"logo\":{\"@type\":\"ImageObject\",\"inLanguage\":\"de\",\"@id\":\"https:\/\/vincentedelicacies.com\/#\/schema\/logo\/image\/\",\"url\":\"https:\/\/vincentedelicacies.com\/wp-content\/uploads\/2021\/06\/logo.png\",\"contentUrl\":\"https:\/\/vincentedelicacies.com\/wp-content\/uploads\/2021\/06\/logo.png\",\"width\":159,\"height\":47,\"caption\":\"Vincente Delicacies\"},\"image\":{\"@id\":\"https:\/\/vincentedelicacies.com\/#\/schema\/logo\/image\/\"}}]}<\/script>\n<!-- \/ Yoast SEO Premium plugin. -->","yoast_head_json":{"title":"Crema al Pistacchio con \u201cPistacchio Verde di Bronte DOP\u201d 600g - Vincente Delicacies","description":"Crema con Pistacchio Verde di Bronte DOP lavorato artigianalmente per preservarne i valori nutrizionali e il gusto unico del pistacchio.","robots":{"index":"index","follow":"follow","max-snippet":"max-snippet:-1","max-image-preview":"max-image-preview:large","max-video-preview":"max-video-preview:-1"},"canonical":"https:\/\/vincentedelicacies.com\/de\/produkt\/pistaziencreme-mit-pistazien-verde-di-bronte-dop-600\/","og_locale":"de_DE","og_type":"article","og_title":"Crema al Pistacchio con \u201cPistacchio Verde di Bronte DOP\u201d 600g","og_description":"Crema al pistacchio con \u201cPistacchio Verde di Bronte DOP\u201d 45%, lavorato artigianalmente per preservarne i valori nutrizionali e il gusto unico del pistacchio. La crema al pistacchio Vincente, dal gusto intenso e avvolgente \u00e8 perfetta da spalmare su fette biscottate o su una fetta di pane per un momento di golosit\u00e0 o per farcire torte e crostate. 600 gr","og_url":"https:\/\/vincentedelicacies.com\/de\/produkt\/pistaziencreme-mit-pistazien-verde-di-bronte-dop-600\/","og_site_name":"Vincente Delicacies","article_modified_time":"2023-10-19T06:47:51+00:00","og_image":[{"width":790,"height":799,"url":"https:\/\/vincentedelicacies.com\/wp-content\/uploads\/2021\/11\/crema-pistacchio-600-gr.jpg","type":"image\/jpeg"}],"twitter_card":"summary_large_image","twitter_misc":{"Gesch\u00e4tzte Lesezeit":"1\u00a0Minute"},"schema":{"@context":"https:\/\/schema.org","@graph":[{"@type":"WebPage","@id":"https:\/\/vincentedelicacies.com\/prodotto\/crema-al-pistacchio-con-pistacchio-verde-di-bronte-dop-600\/","url":"https:\/\/vincentedelicacies.com\/prodotto\/crema-al-pistacchio-con-pistacchio-verde-di-bronte-dop-600\/","name":"Crema al Pistacchio con \u201cPistacchio Verde di Bronte DOP\u201d 600g - Vincente Delicacies","isPartOf":{"@id":"https:\/\/vincentedelicacies.com\/#website"},"primaryImageOfPage":{"@id":"https:\/\/vincentedelicacies.com\/prodotto\/crema-al-pistacchio-con-pistacchio-verde-di-bronte-dop-600\/#primaryimage"},"image":{"@id":"https:\/\/vincentedelicacies.com\/prodotto\/crema-al-pistacchio-con-pistacchio-verde-di-bronte-dop-600\/#primaryimage"},"thumbnailUrl":"https:\/\/vincentedelicacies.com\/wp-content\/uploads\/2021\/11\/crema-pistacchio-600-gr.jpg","datePublished":"2021-11-15T09:22:40+00:00","dateModified":"2023-10-19T06:47:51+00:00","description":"Crema con Pistacchio Verde di Bronte DOP lavorato artigianalmente per preservarne i valori nutrizionali e il gusto unico del pistacchio.","breadcrumb":{"@id":"https:\/\/vincentedelicacies.com\/prodotto\/crema-al-pistacchio-con-pistacchio-verde-di-bronte-dop-600\/#breadcrumb"},"inLanguage":"de","potentialAction":[{"@type":"ReadAction","target":["https:\/\/vincentedelicacies.com\/prodotto\/crema-al-pistacchio-con-pistacchio-verde-di-bronte-dop-600\/"]}]},{"@type":"ImageObject","inLanguage":"de","@id":"https:\/\/vincentedelicacies.com\/prodotto\/crema-al-pistacchio-con-pistacchio-verde-di-bronte-dop-600\/#primaryimage","url":"https:\/\/vincentedelicacies.com\/wp-content\/uploads\/2021\/11\/crema-pistacchio-600-gr.jpg","contentUrl":"https:\/\/vincentedelicacies.com\/wp-content\/uploads\/2021\/11\/crema-pistacchio-600-gr.jpg","width":790,"height":799},{"@type":"BreadcrumbList","@id":"https:\/\/vincentedelicacies.com\/prodotto\/crema-al-pistacchio-con-pistacchio-verde-di-bronte-dop-600\/#breadcrumb","itemListElement":[{"@type":"ListItem","position":1,"name":"Home","item":"https:\/\/vincentedelicacies.com\/"},{"@type":"ListItem","position":2,"name":"Prodotti","item":"https:\/\/vincentedelicacies.com\/shop1__trashed\/"},{"@type":"ListItem","position":3,"name":"Crema al Pistacchio con \u201cPistacchio Verde di Bronte DOP\u201d 600g"}]},{"@type":"WebSite","@id":"https:\/\/vincentedelicacies.com\/#website","url":"https:\/\/vincentedelicacies.com\/","name":"Vincente Delicacies","description":"Un grande laboratorio di pasticceria","publisher":{"@id":"https:\/\/vincentedelicacies.com\/#organization"},"potentialAction":[{"@type":"SearchAction","target":{"@type":"EntryPoint","urlTemplate":"https:\/\/vincentedelicacies.com\/?s={search_term_string}"},"query-input":{"@type":"PropertyValueSpecification","valueRequired":true,"valueName":"search_term_string"}}],"inLanguage":"de"},{"@type":"Organization","@id":"https:\/\/vincentedelicacies.com\/#organization","name":"Vincente Delicacies","url":"https:\/\/vincentedelicacies.com\/","logo":{"@type":"ImageObject","inLanguage":"de","@id":"https:\/\/vincentedelicacies.com\/#\/schema\/logo\/image\/","url":"https:\/\/vincentedelicacies.com\/wp-content\/uploads\/2021\/06\/logo.png","contentUrl":"https:\/\/vincentedelicacies.com\/wp-content\/uploads\/2021\/06\/logo.png","width":159,"height":47,"caption":"Vincente Delicacies"},"image":{"@id":"https:\/\/vincentedelicacies.com\/#\/schema\/logo\/image\/"}}]}},"_links":{"self":[{"href":"https:\/\/vincentedelicacies.com\/de\/wp-json\/wp\/v2\/product\/13367","targetHints":{"allow":["GET"]}}],"collection":[{"href":"https:\/\/vincentedelicacies.com\/de\/wp-json\/wp\/v2\/product"}],"about":[{"href":"https:\/\/vincentedelicacies.com\/de\/wp-json\/wp\/v2\/types\/product"}],"replies":[{"embeddable":true,"href":"https:\/\/vincentedelicacies.com\/de\/wp-json\/wp\/v2\/comments?post=13367"}],"wp:featuredmedia":[{"embeddable":true,"href":"https:\/\/vincentedelicacies.com\/de\/wp-json\/wp\/v2\/media\/18824"}],"wp:attachment":[{"href":"https:\/\/vincentedelicacies.com\/de\/wp-json\/wp\/v2\/media?parent=13367"}],"wp:term":[{"taxonomy":"product_brand","embeddable":true,"href":"https:\/\/vincentedelicacies.com\/de\/wp-json\/wp\/v2\/product_brand?post=13367"},{"taxonomy":"product_cat","embeddable":true,"href":"https:\/\/vincentedelicacies.com\/de\/wp-json\/wp\/v2\/product_cat?post=13367"},{"taxonomy":"product_tag","embeddable":true,"href":"https:\/\/vincentedelicacies.com\/de\/wp-json\/wp\/v2\/product_tag?post=13367"}],"curies":[{"name":"wp","href":"https:\/\/api.w.org\/{rel}","templated":true}]}}