{"id":970,"date":"2021-06-15T05:23:07","date_gmt":"2021-06-15T05:23:07","guid":{"rendered":"https:\/\/vincentedelicacies.com\/?page_id=970"},"modified":"2023-02-01T08:35:05","modified_gmt":"2023-02-01T08:35:05","slug":"sizilianische-blicke","status":"publish","type":"page","link":"https:\/\/vincentedelicacies.com\/de\/sizilianische-blicke\/","title":{"rendered":"Sizilianische Blicke"},"content":{"rendered":"<div data-elementor-type=\"wp-page\" data-elementor-id=\"970\" class=\"elementor elementor-970\" data-elementor-post-type=\"page\">\n\t\t\t\t\t\t<section class=\"elementor-section elementor-top-section elementor-element elementor-element-b4fb600 elementor-section-full_width elementor-section-height-min-height elementor-section-stretched elementor-section-height-default elementor-section-items-middle parallax_section_no qode_elementor_container_no\" data-id=\"b4fb600\" data-element_type=\"section\" data-settings=\"{&quot;stretch_section&quot;:&quot;section-stretched&quot;,&quot;background_background&quot;:&quot;classic&quot;}\">\n\t\t\t\t\t\t<div class=\"elementor-container elementor-column-gap-default\">\n\t\t\t\t\t<div class=\"elementor-column elementor-col-100 elementor-top-column elementor-element elementor-element-00dc828\" data-id=\"00dc828\" data-element_type=\"column\">\n\t\t\t<div class=\"elementor-widget-wrap\">\n\t\t\t\t\t\t\t<\/div>\n\t\t<\/div>\n\t\t\t\t\t<\/div>\n\t\t<\/section>\n\t\t\t\t<section class=\"elementor-section elementor-top-section elementor-element elementor-element-4ac521c2 elementor-section-full_width elementor-section-content-space-around elementor-section-stretched elementor-section-height-full elementor-section-height-default elementor-section-items-middle parallax_section_no qode_elementor_container_no\" data-id=\"4ac521c2\" data-element_type=\"section\" id=\"sguardi_firts_section\" data-settings=\"{&quot;stretch_section&quot;:&quot;section-stretched&quot;,&quot;background_background&quot;:&quot;classic&quot;}\">\n\t\t\t\t\t\t<div class=\"elementor-container elementor-column-gap-no\">\n\t\t\t\t\t<div class=\"elementor-column elementor-col-50 elementor-top-column elementor-element elementor-element-ef2738d\" data-id=\"ef2738d\" data-element_type=\"column\">\n\t\t\t<div class=\"elementor-widget-wrap elementor-element-populated\">\n\t\t\t\t\t\t<div class=\"elementor-element elementor-element-42371ad1 elementor-widget elementor-widget-heading\" data-id=\"42371ad1\" data-element_type=\"widget\" data-widget_type=\"heading.default\">\n\t\t\t\t<div class=\"elementor-widget-container\">\n\t\t\t\t\t<h2 class=\"elementor-heading-title elementor-size-default\">\"Vincenzo Bellini, Leonardo Sciascia, Claudia Cardinale, Sant'Agata, Luigi Pirandello, Antonello Da Messina, die Pupi. Sieben handwerkliche Panettoni und sieben sizilianische Looks, die Sizilien gro\u00df gemacht haben und es anders machen.\"<\/h2>\t\t\t\t<\/div>\n\t\t\t\t<\/div>\n\t\t\t\t\t<\/div>\n\t\t<\/div>\n\t\t\t\t<div class=\"elementor-column elementor-col-50 elementor-top-column elementor-element elementor-element-248944f\" data-id=\"248944f\" data-element_type=\"column\" data-settings=\"{&quot;background_background&quot;:&quot;classic&quot;}\">\n\t\t\t<div class=\"elementor-widget-wrap elementor-element-populated\">\n\t\t\t\t\t\t\t<\/div>\n\t\t<\/div>\n\t\t\t\t\t<\/div>\n\t\t<\/section>\n\t\t\t\t<section class=\"elementor-section elementor-top-section elementor-element elementor-element-d123a25 elementor-section-full_width elementor-section-stretched elementor-section-height-default elementor-section-height-default parallax_section_no qode_elementor_container_no\" data-id=\"d123a25\" data-element_type=\"section\" data-settings=\"{&quot;stretch_section&quot;:&quot;section-stretched&quot;}\">\n\t\t\t\t\t\t<div class=\"elementor-container elementor-column-gap-no\">\n\t\t\t\t\t<div class=\"elementor-column elementor-col-50 elementor-top-column elementor-element elementor-element-4a716279 elementor-hidden-phone\" data-id=\"4a716279\" data-element_type=\"column\" data-settings=\"{&quot;background_background&quot;:&quot;classic&quot;}\">\n\t\t\t<div class=\"elementor-widget-wrap elementor-element-populated\">\n\t\t\t\t\t\t\t<\/div>\n\t\t<\/div>\n\t\t\t\t<div class=\"elementor-column elementor-col-50 elementor-top-column elementor-element elementor-element-1c296e1f\" data-id=\"1c296e1f\" data-element_type=\"column\">\n\t\t\t<div class=\"elementor-widget-wrap elementor-element-populated\">\n\t\t\t\t\t\t<div class=\"elementor-element elementor-element-99ee758 elementor-widget elementor-widget-heading\" data-id=\"99ee758\" data-element_type=\"widget\" data-widget_type=\"heading.default\">\n\t\t\t\t<div class=\"elementor-widget-container\">\n\t\t\t\t\t<p class=\"elementor-heading-title elementor-size-default\">Gro\u00dfartig in Malerei, Musik, Theater, Kino, Glaube, Literatur, Volkstraditionen.<\/p>\t\t\t\t<\/div>\n\t\t\t\t<\/div>\n\t\t\t\t\t<\/div>\n\t\t<\/div>\n\t\t\t\t\t<\/div>\n\t\t<\/section>\n\t\t\t\t<section class=\"elementor-section elementor-top-section elementor-element elementor-element-29fba156 elementor-section-full_width elementor-section-stretched elementor-section-height-default elementor-section-height-default parallax_section_no qode_elementor_container_no\" data-id=\"29fba156\" data-element_type=\"section\" data-settings=\"{&quot;stretch_section&quot;:&quot;section-stretched&quot;}\">\n\t\t\t\t\t\t<div class=\"elementor-container elementor-column-gap-no\">\n\t\t\t\t\t<div class=\"elementor-column elementor-col-50 elementor-top-column elementor-element elementor-element-72ad45d0\" data-id=\"72ad45d0\" data-element_type=\"column\" data-settings=\"{&quot;background_background&quot;:&quot;classic&quot;}\">\n\t\t\t<div class=\"elementor-widget-wrap elementor-element-populated\">\n\t\t\t\t\t\t<div class=\"elementor-element elementor-element-7d53eea6 elementor-widget elementor-widget-heading\" data-id=\"7d53eea6\" data-element_type=\"widget\" data-widget_type=\"heading.default\">\n\t\t\t\t<div class=\"elementor-widget-container\">\n\t\t\t\t\t<h2 class=\"elementor-heading-title elementor-size-default\">\"Die Tiefe der sieben Looks wird durch die Qualit\u00e4t der Zutaten, die Gr\u00fcndlichkeit des Prozesses und die G\u00fcte des Ergebnisses erreicht.<\/h2>\t\t\t\t<\/div>\n\t\t\t\t<\/div>\n\t\t\t\t\t<\/div>\n\t\t<\/div>\n\t\t\t\t<div class=\"elementor-column elementor-col-50 elementor-top-column elementor-element elementor-element-4f71d08 elementor-hidden-phone\" data-id=\"4f71d08\" data-element_type=\"column\">\n\t\t\t<div class=\"elementor-widget-wrap elementor-element-populated\">\n\t\t\t\t\t\t<div class=\"elementor-element elementor-element-f1b7cf0 elementor-widget elementor-widget-image\" data-id=\"f1b7cf0\" data-element_type=\"widget\" id=\"strch112\" data-widget_type=\"image.default\">\n\t\t\t\t<div class=\"elementor-widget-container\">\n\t\t\t\t\t\t\t\t\t\t\t\t\t\t\t<img fetchpriority=\"high\" decoding=\"async\" width=\"631\" height=\"526\" src=\"https:\/\/vincentedelicacies.com\/wp-content\/uploads\/2021\/06\/foto-3.jpg\" class=\"attachment-large size-large wp-image-1066\" alt=\"\" srcset=\"https:\/\/vincentedelicacies.com\/wp-content\/uploads\/2021\/06\/foto-3.jpg 631w, https:\/\/vincentedelicacies.com\/wp-content\/uploads\/2021\/06\/foto-3-300x250.jpg 300w, https:\/\/vincentedelicacies.com\/wp-content\/uploads\/2021\/06\/foto-3-600x500.jpg 600w\" sizes=\"(max-width: 631px) 100vw, 631px\" \/>\t\t\t\t\t\t\t\t\t\t\t\t\t\t\t<\/div>\n\t\t\t\t<\/div>\n\t\t\t\t\t<\/div>\n\t\t<\/div>\n\t\t\t\t\t<\/div>\n\t\t<\/section>\n\t\t\t\t<section class=\"elementor-section elementor-top-section elementor-element elementor-element-230adb61 elementor-section-full_width elementor-section-stretched elementor-section-height-default elementor-section-height-default parallax_section_no qode_elementor_container_no\" data-id=\"230adb61\" data-element_type=\"section\" data-settings=\"{&quot;stretch_section&quot;:&quot;section-stretched&quot;,&quot;background_background&quot;:&quot;classic&quot;}\">\n\t\t\t\t\t\t<div class=\"elementor-container elementor-column-gap-no\">\n\t\t\t\t\t<div class=\"elementor-column elementor-col-50 elementor-top-column elementor-element elementor-element-2be125c4\" data-id=\"2be125c4\" data-element_type=\"column\" data-settings=\"{&quot;background_background&quot;:&quot;classic&quot;}\">\n\t\t\t<div class=\"elementor-widget-wrap elementor-element-populated\">\n\t\t\t\t\t\t<div class=\"elementor-element elementor-element-5ce4539 elementor-widget elementor-widget-text-editor\" data-id=\"5ce4539\" data-element_type=\"widget\" data-widget_type=\"text-editor.default\">\n\t\t\t\t<div class=\"elementor-widget-container\">\n\t\t\t\t\t\t\t\t\t<p>.<\/p>\t\t\t\t\t\t\t\t<\/div>\n\t\t\t\t<\/div>\n\t\t\t\t\t<\/div>\n\t\t<\/div>\n\t\t\t\t<div class=\"elementor-column elementor-col-50 elementor-top-column elementor-element elementor-element-77f4c97f\" data-id=\"77f4c97f\" data-element_type=\"column\" data-settings=\"{&quot;background_background&quot;:&quot;classic&quot;}\">\n\t\t\t<div class=\"elementor-widget-wrap elementor-element-populated\">\n\t\t\t\t\t\t<div class=\"elementor-element elementor-element-34a150bf elementor-widget elementor-widget-heading\" data-id=\"34a150bf\" data-element_type=\"widget\" data-widget_type=\"heading.default\">\n\t\t\t\t<div class=\"elementor-widget-container\">\n\t\t\t\t\t<p class=\"elementor-heading-title elementor-size-default\">Wir befolgen 4 Regeln der G\u00fcte:\nW\u00e4hlen Sie die Zutaten sorgf\u00e4ltig aus.\nVerwenden Sie einen Sauerteigstarter, der mehr als\nmehr als 40 Jahre alt ist.\n\u00dcberst\u00fcrzen Sie die Zeit nicht, denn es braucht 40 Stunden\nf\u00fcr die nat\u00fcrliche Sauerteigbildung.\nVerlassen Sie sich, au\u00dfer beim Teig, auf\nin weibliche H\u00e4nde.<\/p>\t\t\t\t<\/div>\n\t\t\t\t<\/div>\n\t\t\t\t\t<\/div>\n\t\t<\/div>\n\t\t\t\t\t<\/div>\n\t\t<\/section>\n\t\t\t\t<section class=\"elementor-section elementor-top-section elementor-element elementor-element-3b8fd7ab elementor-section-full_width elementor-section-height-full elementor-section-stretched elementor-section-height-default elementor-section-items-middle parallax_section_no qode_elementor_container_no\" data-id=\"3b8fd7ab\" data-element_type=\"section\" data-settings=\"{&quot;stretch_section&quot;:&quot;section-stretched&quot;,&quot;background_background&quot;:&quot;classic&quot;}\">\n\t\t\t\t\t\t<div class=\"elementor-container elementor-column-gap-default\">\n\t\t\t\t\t<div class=\"elementor-column elementor-col-100 elementor-top-column elementor-element elementor-element-a4c4a69\" data-id=\"a4c4a69\" data-element_type=\"column\">\n\t\t\t<div class=\"elementor-widget-wrap\">\n\t\t\t\t\t\t\t<\/div>\n\t\t<\/div>\n\t\t\t\t\t<\/div>\n\t\t<\/section>\n\t\t\t\t<section class=\"elementor-section elementor-top-section elementor-element elementor-element-f74122b elementor-section-boxed elementor-section-height-default elementor-section-height-default parallax_section_no qode_elementor_container_no\" data-id=\"f74122b\" data-element_type=\"section\">\n\t\t\t\t\t\t<div class=\"elementor-container elementor-column-gap-default\">\n\t\t\t\t\t<div class=\"elementor-column elementor-col-50 elementor-top-column elementor-element elementor-element-48e9be87\" data-id=\"48e9be87\" data-element_type=\"column\">\n\t\t\t<div class=\"elementor-widget-wrap elementor-element-populated\">\n\t\t\t\t\t\t<div class=\"elementor-element elementor-element-27a027f9 elementor-widget elementor-widget-heading\" data-id=\"27a027f9\" data-element_type=\"widget\" data-widget_type=\"heading.default\">\n\t\t\t\t<div class=\"elementor-widget-container\">\n\t\t\t\t\t<p class=\"elementor-heading-title elementor-size-default\">Von Hand verpackt oder im Karton: Gehen Sie in den Laden und entdecken Sie Ihren Lieblings-Panettone.<\/p>\t\t\t\t<\/div>\n\t\t\t\t<\/div>\n\t\t\t\t<div class=\"elementor-element elementor-element-f2b1df5 elementor-widget elementor-widget-bridge_button\" data-id=\"f2b1df5\" data-element_type=\"widget\" data-widget_type=\"bridge_button.default\">\n\t\t\t\t<div class=\"elementor-widget-container\">\n\t\t\t\t\t<a id=\"sguardu_btn\" itemprop=\"url\" href=\"https:\/\/vincentedelicacies.com\/de\/shop\/weihnachten\/\" target=\"_self\" data-hover-color='#4D4D4D' class=\"qbutton  small default\" style=\"color: #4D4D4D; font-style: italic; font-weight: 400; font-family: Lora; text-transform: uppercase; font-size: 18px; letter-spacing: 2px; background-color: #02010100;\">KAUFEN<\/a>\t\t\t\t<\/div>\n\t\t\t\t<\/div>\n\t\t\t\t\t<\/div>\n\t\t<\/div>\n\t\t\t\t<div class=\"elementor-column elementor-col-50 elementor-top-column elementor-element elementor-element-c1555b3\" data-id=\"c1555b3\" data-element_type=\"column\">\n\t\t\t<div class=\"elementor-widget-wrap elementor-element-populated\">\n\t\t\t\t\t\t<div class=\"elementor-element elementor-element-38b8b959 elementor-widget elementor-widget-image\" data-id=\"38b8b959\" data-element_type=\"widget\" data-widget_type=\"image.default\">\n\t\t\t\t<div class=\"elementor-widget-container\">\n\t\t\t\t\t\t\t\t\t\t\t\t\t\t\t<img decoding=\"async\" width=\"854\" height=\"512\" src=\"https:\/\/vincentedelicacies.com\/wp-content\/uploads\/2021\/06\/foto-61.jpg\" class=\"attachment-large size-large wp-image-1087\" alt=\"\" srcset=\"https:\/\/vincentedelicacies.com\/wp-content\/uploads\/2021\/06\/foto-61.jpg 854w, https:\/\/vincentedelicacies.com\/wp-content\/uploads\/2021\/06\/foto-61-300x180.jpg 300w, https:\/\/vincentedelicacies.com\/wp-content\/uploads\/2021\/06\/foto-61-768x460.jpg 768w, https:\/\/vincentedelicacies.com\/wp-content\/uploads\/2021\/06\/foto-61-700x420.jpg 700w, https:\/\/vincentedelicacies.com\/wp-content\/uploads\/2021\/06\/foto-61-600x360.jpg 600w\" sizes=\"(max-width: 854px) 100vw, 854px\" \/>\t\t\t\t\t\t\t\t\t\t\t\t\t\t\t<\/div>\n\t\t\t\t<\/div>\n\t\t\t\t\t<\/div>\n\t\t<\/div>\n\t\t\t\t\t<\/div>\n\t\t<\/section>\n\t\t\t\t<\/div>","protected":false},"excerpt":{"rendered":"<p>\"Vincenzo Bellini, Leonardo Sciascia, Claudia Cardinale, Sant'Agata, Luigi Pirandello, Antonello Da Messina, die Puppen. Sieben...<\/p>","protected":false},"author":1,"featured_media":0,"parent":0,"menu_order":0,"comment_status":"closed","ping_status":"closed","template":"","meta":{"footnotes":""},"class_list":["post-970","page","type-page","status-publish","hentry"],"yoast_head":"<!-- This site is optimized with the Yoast SEO Premium plugin v21.8 (Yoast SEO v26.6) - https:\/\/yoast.com\/wordpress\/plugins\/seo\/ -->\n<title>Sguardi Siciliani - Vincente Delicacies<\/title>\n<meta name=\"description\" content=\"\u201cVincenzo Bellini, Leonardo Sciascia, Claudia Cardinale, Sant\u2019Agata, Luigi Pirandello, Antonello Da Messina, i Pupi. Sette panettoni artigianali e sette\" \/>\n<meta name=\"robots\" content=\"index, follow, max-snippet:-1, max-image-preview:large, max-video-preview:-1\" \/>\n<link rel=\"canonical\" href=\"https:\/\/vincentedelicacies.com\/de\/sizilianische-blicke\/\" \/>\n<meta property=\"og:locale\" content=\"de_DE\" \/>\n<meta property=\"og:type\" content=\"article\" \/>\n<meta property=\"og:title\" content=\"Sguardi Siciliani\" \/>\n<meta property=\"og:description\" content=\"\u201cVincenzo Bellini, Leonardo Sciascia, Claudia Cardinale, Sant\u2019Agata, Luigi Pirandello, Antonello Da Messina, i Pupi. Sette panettoni artigianali e sette\" \/>\n<meta property=\"og:url\" content=\"https:\/\/vincentedelicacies.com\/de\/sizilianische-blicke\/\" \/>\n<meta property=\"og:site_name\" content=\"Vincente Delicacies\" \/>\n<meta property=\"article:modified_time\" content=\"2023-02-01T08:35:05+00:00\" \/>\n<meta property=\"og:image\" content=\"https:\/\/vincentedelicacies.com\/wp-content\/uploads\/2021\/06\/foto-3.jpg\" \/>\n<meta name=\"twitter:card\" content=\"summary_large_image\" \/>\n<meta name=\"twitter:label1\" content=\"Gesch\u00e4tzte Lesezeit\" \/>\n\t<meta name=\"twitter:data1\" content=\"2\u00a0Minuten\" \/>\n<script type=\"application\/ld+json\" class=\"yoast-schema-graph\">{\"@context\":\"https:\/\/schema.org\",\"@graph\":[{\"@type\":\"WebPage\",\"@id\":\"https:\/\/vincentedelicacies.com\/sguardi-siciliani\/\",\"url\":\"https:\/\/vincentedelicacies.com\/sguardi-siciliani\/\",\"name\":\"Sguardi Siciliani - Vincente Delicacies\",\"isPartOf\":{\"@id\":\"https:\/\/vincentedelicacies.com\/#website\"},\"primaryImageOfPage\":{\"@id\":\"https:\/\/vincentedelicacies.com\/sguardi-siciliani\/#primaryimage\"},\"image\":{\"@id\":\"https:\/\/vincentedelicacies.com\/sguardi-siciliani\/#primaryimage\"},\"thumbnailUrl\":\"https:\/\/vincentedelicacies.com\/wp-content\/uploads\/2021\/06\/foto-3.jpg\",\"datePublished\":\"2021-06-15T05:23:07+00:00\",\"dateModified\":\"2023-02-01T08:35:05+00:00\",\"description\":\"\u201cVincenzo Bellini, Leonardo Sciascia, Claudia Cardinale, Sant\u2019Agata, Luigi Pirandello, Antonello Da Messina, i Pupi. Sette panettoni artigianali e sette\",\"breadcrumb\":{\"@id\":\"https:\/\/vincentedelicacies.com\/sguardi-siciliani\/#breadcrumb\"},\"inLanguage\":\"de\",\"potentialAction\":[{\"@type\":\"ReadAction\",\"target\":[\"https:\/\/vincentedelicacies.com\/sguardi-siciliani\/\"]}]},{\"@type\":\"ImageObject\",\"inLanguage\":\"de\",\"@id\":\"https:\/\/vincentedelicacies.com\/sguardi-siciliani\/#primaryimage\",\"url\":\"https:\/\/vincentedelicacies.com\/wp-content\/uploads\/2021\/06\/foto-3.jpg\",\"contentUrl\":\"https:\/\/vincentedelicacies.com\/wp-content\/uploads\/2021\/06\/foto-3.jpg\"},{\"@type\":\"BreadcrumbList\",\"@id\":\"https:\/\/vincentedelicacies.com\/sguardi-siciliani\/#breadcrumb\",\"itemListElement\":[{\"@type\":\"ListItem\",\"position\":1,\"name\":\"Home\",\"item\":\"https:\/\/vincentedelicacies.com\/\"},{\"@type\":\"ListItem\",\"position\":2,\"name\":\"Sguardi Siciliani\"}]},{\"@type\":\"WebSite\",\"@id\":\"https:\/\/vincentedelicacies.com\/#website\",\"url\":\"https:\/\/vincentedelicacies.com\/\",\"name\":\"Vincente Delicacies\",\"description\":\"Un grande laboratorio di pasticceria\",\"publisher\":{\"@id\":\"https:\/\/vincentedelicacies.com\/#organization\"},\"potentialAction\":[{\"@type\":\"SearchAction\",\"target\":{\"@type\":\"EntryPoint\",\"urlTemplate\":\"https:\/\/vincentedelicacies.com\/?s={search_term_string}\"},\"query-input\":{\"@type\":\"PropertyValueSpecification\",\"valueRequired\":true,\"valueName\":\"search_term_string\"}}],\"inLanguage\":\"de\"},{\"@type\":\"Organization\",\"@id\":\"https:\/\/vincentedelicacies.com\/#organization\",\"name\":\"Vincente Delicacies\",\"url\":\"https:\/\/vincentedelicacies.com\/\",\"logo\":{\"@type\":\"ImageObject\",\"inLanguage\":\"de\",\"@id\":\"https:\/\/vincentedelicacies.com\/#\/schema\/logo\/image\/\",\"url\":\"https:\/\/vincentedelicacies.com\/wp-content\/uploads\/2021\/06\/logo.png\",\"contentUrl\":\"https:\/\/vincentedelicacies.com\/wp-content\/uploads\/2021\/06\/logo.png\",\"width\":159,\"height\":47,\"caption\":\"Vincente Delicacies\"},\"image\":{\"@id\":\"https:\/\/vincentedelicacies.com\/#\/schema\/logo\/image\/\"}}]}<\/script>\n<!-- \/ Yoast SEO Premium plugin. -->","yoast_head_json":{"title":"Sguardi Siciliani - Vincente Delicacies","description":"\u201cVincenzo Bellini, Leonardo Sciascia, Claudia Cardinale, Sant\u2019Agata, Luigi Pirandello, Antonello Da Messina, i Pupi. Sette panettoni artigianali e sette","robots":{"index":"index","follow":"follow","max-snippet":"max-snippet:-1","max-image-preview":"max-image-preview:large","max-video-preview":"max-video-preview:-1"},"canonical":"https:\/\/vincentedelicacies.com\/de\/sizilianische-blicke\/","og_locale":"de_DE","og_type":"article","og_title":"Sguardi Siciliani","og_description":"\u201cVincenzo Bellini, Leonardo Sciascia, Claudia Cardinale, Sant\u2019Agata, Luigi Pirandello, Antonello Da Messina, i Pupi. Sette panettoni artigianali e sette","og_url":"https:\/\/vincentedelicacies.com\/de\/sizilianische-blicke\/","og_site_name":"Vincente Delicacies","article_modified_time":"2023-02-01T08:35:05+00:00","og_image":[{"url":"https:\/\/vincentedelicacies.com\/wp-content\/uploads\/2021\/06\/foto-3.jpg","type":"","width":"","height":""}],"twitter_card":"summary_large_image","twitter_misc":{"Gesch\u00e4tzte Lesezeit":"2\u00a0Minuten"},"schema":{"@context":"https:\/\/schema.org","@graph":[{"@type":"WebPage","@id":"https:\/\/vincentedelicacies.com\/sguardi-siciliani\/","url":"https:\/\/vincentedelicacies.com\/sguardi-siciliani\/","name":"Sguardi Siciliani - Vincente Delicacies","isPartOf":{"@id":"https:\/\/vincentedelicacies.com\/#website"},"primaryImageOfPage":{"@id":"https:\/\/vincentedelicacies.com\/sguardi-siciliani\/#primaryimage"},"image":{"@id":"https:\/\/vincentedelicacies.com\/sguardi-siciliani\/#primaryimage"},"thumbnailUrl":"https:\/\/vincentedelicacies.com\/wp-content\/uploads\/2021\/06\/foto-3.jpg","datePublished":"2021-06-15T05:23:07+00:00","dateModified":"2023-02-01T08:35:05+00:00","description":"\u201cVincenzo Bellini, Leonardo Sciascia, Claudia Cardinale, Sant\u2019Agata, Luigi Pirandello, Antonello Da Messina, i Pupi. Sette panettoni artigianali e sette","breadcrumb":{"@id":"https:\/\/vincentedelicacies.com\/sguardi-siciliani\/#breadcrumb"},"inLanguage":"de","potentialAction":[{"@type":"ReadAction","target":["https:\/\/vincentedelicacies.com\/sguardi-siciliani\/"]}]},{"@type":"ImageObject","inLanguage":"de","@id":"https:\/\/vincentedelicacies.com\/sguardi-siciliani\/#primaryimage","url":"https:\/\/vincentedelicacies.com\/wp-content\/uploads\/2021\/06\/foto-3.jpg","contentUrl":"https:\/\/vincentedelicacies.com\/wp-content\/uploads\/2021\/06\/foto-3.jpg"},{"@type":"BreadcrumbList","@id":"https:\/\/vincentedelicacies.com\/sguardi-siciliani\/#breadcrumb","itemListElement":[{"@type":"ListItem","position":1,"name":"Home","item":"https:\/\/vincentedelicacies.com\/"},{"@type":"ListItem","position":2,"name":"Sguardi Siciliani"}]},{"@type":"WebSite","@id":"https:\/\/vincentedelicacies.com\/#website","url":"https:\/\/vincentedelicacies.com\/","name":"Vincente Delicacies","description":"Un grande laboratorio di pasticceria","publisher":{"@id":"https:\/\/vincentedelicacies.com\/#organization"},"potentialAction":[{"@type":"SearchAction","target":{"@type":"EntryPoint","urlTemplate":"https:\/\/vincentedelicacies.com\/?s={search_term_string}"},"query-input":{"@type":"PropertyValueSpecification","valueRequired":true,"valueName":"search_term_string"}}],"inLanguage":"de"},{"@type":"Organization","@id":"https:\/\/vincentedelicacies.com\/#organization","name":"Vincente Delicacies","url":"https:\/\/vincentedelicacies.com\/","logo":{"@type":"ImageObject","inLanguage":"de","@id":"https:\/\/vincentedelicacies.com\/#\/schema\/logo\/image\/","url":"https:\/\/vincentedelicacies.com\/wp-content\/uploads\/2021\/06\/logo.png","contentUrl":"https:\/\/vincentedelicacies.com\/wp-content\/uploads\/2021\/06\/logo.png","width":159,"height":47,"caption":"Vincente Delicacies"},"image":{"@id":"https:\/\/vincentedelicacies.com\/#\/schema\/logo\/image\/"}}]}},"_links":{"self":[{"href":"https:\/\/vincentedelicacies.com\/de\/wp-json\/wp\/v2\/pages\/970","targetHints":{"allow":["GET"]}}],"collection":[{"href":"https:\/\/vincentedelicacies.com\/de\/wp-json\/wp\/v2\/pages"}],"about":[{"href":"https:\/\/vincentedelicacies.com\/de\/wp-json\/wp\/v2\/types\/page"}],"author":[{"embeddable":true,"href":"https:\/\/vincentedelicacies.com\/de\/wp-json\/wp\/v2\/users\/1"}],"replies":[{"embeddable":true,"href":"https:\/\/vincentedelicacies.com\/de\/wp-json\/wp\/v2\/comments?post=970"}],"version-history":[{"count":0,"href":"https:\/\/vincentedelicacies.com\/de\/wp-json\/wp\/v2\/pages\/970\/revisions"}],"wp:attachment":[{"href":"https:\/\/vincentedelicacies.com\/de\/wp-json\/wp\/v2\/media?parent=970"}],"curies":[{"name":"wp","href":"https:\/\/api.w.org\/{rel}","templated":true}]}}