{"id":7839,"date":"2021-10-21T10:52:26","date_gmt":"2021-10-21T10:52:26","guid":{"rendered":"https:\/\/vincentedelicacies.com\/?page_id=7839"},"modified":"2023-12-05T09:01:55","modified_gmt":"2023-12-05T09:01:55","slug":"rezepte-3","status":"publish","type":"page","link":"https:\/\/vincentedelicacies.com\/de\/rezepte-3\/","title":{"rendered":"Rezepte"},"content":{"rendered":"<div class=\"wpb-content-wrapper\"><div      class=\"vc_row wpb_row section vc_row-fluid\" style=' text-align:left;'><div class=\"full_section_inner clearfix\"><div class=\"wpb_column vc_column_container vc_col-sm-12\"><div class=\"vc_column-inner\"><div class=\"wpb_wrapper\">\n\t<div class=\"wpb_text_column wpb_content_element\">\n\t\t<div class=\"wpb_wrapper\">\n\t\t\t<div id=\"caf-post-layout-container\" class=\"caf-post-layout-container  filter-layout1 post-layout3 data-target-div1\" data-post-type=\"cp_recipe\" data-tax=\"cp_recipe_category\" data-terms=\"119,120,121\" data-per-page=\"5\" data-selected-terms=\"119,120,121\" data-filter-id=\"7796\" data-post-layout=\"post-layout3\" data-target-div=\"data-target-div1\"><div id=\"caf-filter-layout1\" class='caf-filter-layout data-target-div1'>\r\n    <ul class=\"caf-filter-container caf-filter-layout1\">\r\n        <li class=\"caf-mb-4\"><a href=\"#\" data-id=\"119,120,121\" data-main-id=\"flt\" class=\"abc active\" data-target-div=\"data-target-div1\">Alle<\/a><\/li><li class='caf-mb-4'><a href='#' data-id='119' data-main-id='flt' data-target-div='data-target-div1' class=''>S\u00fc\u00df<\/a><\/li><li class='caf-mb-4'><a href='#' data-id='120' data-main-id='flt' data-target-div='data-target-div1' class=''>Erste Kurse<\/a><\/li><li class='caf-mb-4'><a href='#' data-id='121' data-main-id='flt' data-target-div='data-target-div1' class=''>Salzig<\/a><\/li>    <\/ul>\r\n<\/div><div id='manage-ajax-response' class='caf-row'><div class=\"status\"><i class=\"fa fa-spinner\" aria-hidden=\"true\"><\/i><\/div><div class=\"content\"><\/div><\/div><\/div>\n\n\t\t<\/div> \n\t<\/div> <\/div><\/div><\/div><\/div><\/div>\n<\/div>","protected":false},"excerpt":{"rendered":"AlleS\u00fc\u00dfErste G\u00e4ngeSalat","protected":false},"author":1,"featured_media":0,"parent":0,"menu_order":0,"comment_status":"closed","ping_status":"closed","template":"","meta":{"footnotes":""},"class_list":["post-7839","page","type-page","status-publish","hentry"],"yoast_head":"<!-- This site is optimized with the Yoast SEO Premium plugin v21.8 (Yoast SEO v26.6) - https:\/\/yoast.com\/wordpress\/plugins\/seo\/ -->\n<title>Ricette dolci e salate pistacchio frutta secca - Vincente Delicacies<\/title>\n<meta name=\"description\" content=\"Tra i tipi di frutta secca, i pistacchi sono forse i pi\u00f9 versatili in cucina, perch\u00e9 possono essere usati in ricette sia dolci sia salate.\" \/>\n<meta name=\"robots\" content=\"index, follow, max-snippet:-1, max-image-preview:large, max-video-preview:-1\" \/>\n<link rel=\"canonical\" href=\"https:\/\/vincentedelicacies.com\/de\/rezepte-3\/\" \/>\n<meta property=\"og:locale\" content=\"de_DE\" \/>\n<meta property=\"og:type\" content=\"article\" \/>\n<meta property=\"og:title\" content=\"Ricette\" \/>\n<meta property=\"og:url\" content=\"https:\/\/vincentedelicacies.com\/de\/rezepte-3\/\" \/>\n<meta property=\"og:site_name\" content=\"Vincente Delicacies\" \/>\n<meta property=\"article:modified_time\" content=\"2023-12-05T09:01:55+00:00\" \/>\n<meta property=\"og:image\" content=\"https:\/\/vincentedelicacies.com\/wp-content\/uploads\/2022\/01\/crema6.jpg\" \/>\n\t<meta property=\"og:image:width\" content=\"1047\" \/>\n\t<meta property=\"og:image:height\" content=\"491\" \/>\n\t<meta property=\"og:image:type\" content=\"image\/jpeg\" \/>\n<meta name=\"twitter:card\" content=\"summary_large_image\" \/>\n<meta name=\"twitter:label1\" content=\"Gesch\u00e4tzte Lesezeit\" \/>\n\t<meta name=\"twitter:data1\" content=\"1\u00a0Minute\" \/>\n<script type=\"application\/ld+json\" class=\"yoast-schema-graph\">{\"@context\":\"https:\/\/schema.org\",\"@graph\":[{\"@type\":\"WebPage\",\"@id\":\"https:\/\/vincentedelicacies.com\/ricette\/\",\"url\":\"https:\/\/vincentedelicacies.com\/ricette\/\",\"name\":\"Ricette dolci e salate pistacchio frutta secca - Vincente Delicacies\",\"isPartOf\":{\"@id\":\"https:\/\/vincentedelicacies.com\/#website\"},\"datePublished\":\"2021-10-21T10:52:26+00:00\",\"dateModified\":\"2023-12-05T09:01:55+00:00\",\"description\":\"Tra i tipi di frutta secca, i pistacchi sono forse i pi\u00f9 versatili in cucina, perch\u00e9 possono essere usati in ricette sia dolci sia salate.\",\"breadcrumb\":{\"@id\":\"https:\/\/vincentedelicacies.com\/ricette\/#breadcrumb\"},\"inLanguage\":\"de\",\"potentialAction\":[{\"@type\":\"ReadAction\",\"target\":[\"https:\/\/vincentedelicacies.com\/ricette\/\"]}]},{\"@type\":\"BreadcrumbList\",\"@id\":\"https:\/\/vincentedelicacies.com\/ricette\/#breadcrumb\",\"itemListElement\":[{\"@type\":\"ListItem\",\"position\":1,\"name\":\"Home\",\"item\":\"https:\/\/vincentedelicacies.com\/\"},{\"@type\":\"ListItem\",\"position\":2,\"name\":\"Ricette\"}]},{\"@type\":\"WebSite\",\"@id\":\"https:\/\/vincentedelicacies.com\/#website\",\"url\":\"https:\/\/vincentedelicacies.com\/\",\"name\":\"Vincente Delicacies\",\"description\":\"Un grande laboratorio di pasticceria\",\"publisher\":{\"@id\":\"https:\/\/vincentedelicacies.com\/#organization\"},\"potentialAction\":[{\"@type\":\"SearchAction\",\"target\":{\"@type\":\"EntryPoint\",\"urlTemplate\":\"https:\/\/vincentedelicacies.com\/?s={search_term_string}\"},\"query-input\":{\"@type\":\"PropertyValueSpecification\",\"valueRequired\":true,\"valueName\":\"search_term_string\"}}],\"inLanguage\":\"de\"},{\"@type\":\"Organization\",\"@id\":\"https:\/\/vincentedelicacies.com\/#organization\",\"name\":\"Vincente Delicacies\",\"url\":\"https:\/\/vincentedelicacies.com\/\",\"logo\":{\"@type\":\"ImageObject\",\"inLanguage\":\"de\",\"@id\":\"https:\/\/vincentedelicacies.com\/#\/schema\/logo\/image\/\",\"url\":\"https:\/\/vincentedelicacies.com\/wp-content\/uploads\/2021\/06\/logo.png\",\"contentUrl\":\"https:\/\/vincentedelicacies.com\/wp-content\/uploads\/2021\/06\/logo.png\",\"width\":159,\"height\":47,\"caption\":\"Vincente Delicacies\"},\"image\":{\"@id\":\"https:\/\/vincentedelicacies.com\/#\/schema\/logo\/image\/\"}}]}<\/script>\n<!-- \/ Yoast SEO Premium plugin. -->","yoast_head_json":{"title":"Ricette dolci e salate pistacchio frutta secca - Vincente Delicacies","description":"Tra i tipi di frutta secca, i pistacchi sono forse i pi\u00f9 versatili in cucina, perch\u00e9 possono essere usati in ricette sia dolci sia salate.","robots":{"index":"index","follow":"follow","max-snippet":"max-snippet:-1","max-image-preview":"max-image-preview:large","max-video-preview":"max-video-preview:-1"},"canonical":"https:\/\/vincentedelicacies.com\/de\/rezepte-3\/","og_locale":"de_DE","og_type":"article","og_title":"Ricette","og_url":"https:\/\/vincentedelicacies.com\/de\/rezepte-3\/","og_site_name":"Vincente Delicacies","article_modified_time":"2023-12-05T09:01:55+00:00","og_image":[{"width":1047,"height":491,"url":"https:\/\/vincentedelicacies.com\/wp-content\/uploads\/2022\/01\/crema6.jpg","type":"image\/jpeg"}],"twitter_card":"summary_large_image","twitter_misc":{"Gesch\u00e4tzte Lesezeit":"1\u00a0Minute"},"schema":{"@context":"https:\/\/schema.org","@graph":[{"@type":"WebPage","@id":"https:\/\/vincentedelicacies.com\/ricette\/","url":"https:\/\/vincentedelicacies.com\/ricette\/","name":"Ricette dolci e salate pistacchio frutta secca - Vincente Delicacies","isPartOf":{"@id":"https:\/\/vincentedelicacies.com\/#website"},"datePublished":"2021-10-21T10:52:26+00:00","dateModified":"2023-12-05T09:01:55+00:00","description":"Tra i tipi di frutta secca, i pistacchi sono forse i pi\u00f9 versatili in cucina, perch\u00e9 possono essere usati in ricette sia dolci sia salate.","breadcrumb":{"@id":"https:\/\/vincentedelicacies.com\/ricette\/#breadcrumb"},"inLanguage":"de","potentialAction":[{"@type":"ReadAction","target":["https:\/\/vincentedelicacies.com\/ricette\/"]}]},{"@type":"BreadcrumbList","@id":"https:\/\/vincentedelicacies.com\/ricette\/#breadcrumb","itemListElement":[{"@type":"ListItem","position":1,"name":"Home","item":"https:\/\/vincentedelicacies.com\/"},{"@type":"ListItem","position":2,"name":"Ricette"}]},{"@type":"WebSite","@id":"https:\/\/vincentedelicacies.com\/#website","url":"https:\/\/vincentedelicacies.com\/","name":"Vincente Delicacies","description":"Un grande laboratorio di pasticceria","publisher":{"@id":"https:\/\/vincentedelicacies.com\/#organization"},"potentialAction":[{"@type":"SearchAction","target":{"@type":"EntryPoint","urlTemplate":"https:\/\/vincentedelicacies.com\/?s={search_term_string}"},"query-input":{"@type":"PropertyValueSpecification","valueRequired":true,"valueName":"search_term_string"}}],"inLanguage":"de"},{"@type":"Organization","@id":"https:\/\/vincentedelicacies.com\/#organization","name":"Vincente Delicacies","url":"https:\/\/vincentedelicacies.com\/","logo":{"@type":"ImageObject","inLanguage":"de","@id":"https:\/\/vincentedelicacies.com\/#\/schema\/logo\/image\/","url":"https:\/\/vincentedelicacies.com\/wp-content\/uploads\/2021\/06\/logo.png","contentUrl":"https:\/\/vincentedelicacies.com\/wp-content\/uploads\/2021\/06\/logo.png","width":159,"height":47,"caption":"Vincente Delicacies"},"image":{"@id":"https:\/\/vincentedelicacies.com\/#\/schema\/logo\/image\/"}}]}},"_links":{"self":[{"href":"https:\/\/vincentedelicacies.com\/de\/wp-json\/wp\/v2\/pages\/7839","targetHints":{"allow":["GET"]}}],"collection":[{"href":"https:\/\/vincentedelicacies.com\/de\/wp-json\/wp\/v2\/pages"}],"about":[{"href":"https:\/\/vincentedelicacies.com\/de\/wp-json\/wp\/v2\/types\/page"}],"author":[{"embeddable":true,"href":"https:\/\/vincentedelicacies.com\/de\/wp-json\/wp\/v2\/users\/1"}],"replies":[{"embeddable":true,"href":"https:\/\/vincentedelicacies.com\/de\/wp-json\/wp\/v2\/comments?post=7839"}],"version-history":[{"count":0,"href":"https:\/\/vincentedelicacies.com\/de\/wp-json\/wp\/v2\/pages\/7839\/revisions"}],"wp:attachment":[{"href":"https:\/\/vincentedelicacies.com\/de\/wp-json\/wp\/v2\/media?parent=7839"}],"curies":[{"name":"wp","href":"https:\/\/api.w.org\/{rel}","templated":true}]}}