{"id":18506,"date":"2023-03-10T11:15:42","date_gmt":"2023-03-10T11:15:42","guid":{"rendered":"https:\/\/vincentedelicacies.com\/disconoscimento\/"},"modified":"2023-03-10T11:15:42","modified_gmt":"2023-03-10T11:15:42","slug":"nichtanerkennung","status":"publish","type":"page","link":"https:\/\/vincentedelicacies.com\/de\/nichtanerkennung\/","title":{"rendered":"Verleugnung"},"content":{"rendered":"<!-- Legal document generated by Complianz | GDPR\/CCPA Cookie Consent https:\/\/wordpress.org\/plugins\/complianz-gdpr -->\n<div id=\"cmplz-document\" class=\"cmplz-document disclaimer cmplz-document-all\"><p>ANTICHI SAPORI DELL'ETNA S.R.L. ist bestrebt, diese Website auf dem neuesten Stand und korrekt zu halten. Sollten Sie dennoch auf falsche oder veraltete Informationen sto\u00dfen, w\u00e4ren wir Ihnen dankbar, wenn Sie uns dies mitteilen k\u00f6nnten. Bitte geben Sie an, wo auf der Website Sie die Informationen gelesen haben. Wir werden uns dann so schnell wie m\u00f6glich darum k\u00fcmmern. Bitte senden Sie Ihre Antwort per E-Mail an: <span class=\"cmplz-obfuscate\">moc&#046;s&#101;i&#099;&#x61;ci&#108;edet&#x6e;ecniv&#064;&#108;atig&#105;d<\/span>.<\/p><p>Wir haften weder f\u00fcr Sch\u00e4den infolge von Ungenauigkeiten oder Unvollst\u00e4ndigkeiten noch f\u00fcr Sch\u00e4den aufgrund von Problemen, die durch die Verbreitung von Informationen \u00fcber das Internet verursacht werden oder damit verbunden sind, wie z. B. St\u00f6rungen oder Unterbrechungen. Bei der Verwendung von Webformularen bem\u00fchen wir uns, die Zahl der erforderlichen Felder auf ein Minimum zu beschr\u00e4nken. ANTICHI SAPORI DELL'ETNA S.R.L. \u00fcbernimmt keine Haftung f\u00fcr Sch\u00e4den, die durch die Nutzung von Daten, Ratschl\u00e4gen oder Ideen entstehen, die von oder im Namen von ANTICHI SAPORI DELL'ETNA S.R.L. \u00fcber diese Website bereitgestellt werden.<\/p><p>Die Nutzung der Website und aller ihrer Komponenten (einschlie\u00dflich der Foren) unterliegt folgenden Bedingungen <a href=\"\/de\/termini-e-condizioni\/\" target=\"_blank\">Benutzungsbedingungen<\/a>. Die blo\u00dfe Nutzung dieser Website setzt die Kenntnis und das Einverst\u00e4ndnis mit diesen Nutzungsbedingungen voraus.<\/p><p>Alle personenbezogenen Daten, die Sie uns im Rahmen Ihrer Antwort oder Ihrer Informationsanfrage zur Verf\u00fcgung stellen, werden ausschlie\u00dflich in \u00dcbereinstimmung mit unserer Datenschutzerkl\u00e4rung verwendet.<\/p><p>ANTICHI SAPORI DELL'ETNA S.R.L. unternimmt alle zumutbaren Anstrengungen, um ihre Systeme gegen jede Form der unrechtm\u00e4\u00dfigen Nutzung zu sch\u00fctzen. ANTICHI SAPORI DELL'ETNA S.R.L. ergreift zu diesem Zweck angemessene technische und organisatorische Ma\u00dfnahmen, die unter anderem dem Stand der Technik Rechnung tragen. Sie haftet jedoch nicht f\u00fcr direkte und\/oder indirekte Sch\u00e4den, die einem Nutzer der Website durch die unrechtm\u00e4\u00dfige Nutzung ihrer Systeme durch einen Dritten entstehen.<\/p><p>ANTICHI SAPORI DELL'ETNA S.R.L. \u00fcbernimmt keine Verantwortung f\u00fcr den Inhalt von Websites, auf die oder von denen ein Hyperlink oder ein anderer Verweis besteht. Produkte oder Dienstleistungen, die von Dritten angeboten werden, unterliegen den geltenden Bedingungen dieser Dritten.<\/p><p>Alle geistigen Eigentumsrechte an den Inhalten dieser Website liegen bei ANTICHI SAPORI DELL'ETNA S.R.L..<\/p><p>Die Vervielf\u00e4ltigung, Verbreitung und sonstige Nutzung dieser Materialien ist ohne die schriftliche Zustimmung von ANTICHI SAPORI DELL'ETNA S.R.L. nicht gestattet, es sei denn, zwingende gesetzliche Vorschriften (wie z.B. das Zitatrecht) sehen etwas anderes vor oder der konkrete Inhalt erfordert etwas anderes.<\/p><p>Sollten Sie Fragen oder Probleme mit der Zug\u00e4nglichkeit der Website haben, z\u00f6gern Sie bitte nicht, uns zu kontaktieren.<\/p><\/div>","protected":false},"excerpt":{"rendered":"ANTICHI SAPORI DELL'ETNA S.R.L. ist bestrebt, diese Website auf dem neuesten Stand und korrekt zu halten....","protected":false},"author":1,"featured_media":0,"parent":0,"menu_order":0,"comment_status":"closed","ping_status":"closed","template":"","meta":{"footnotes":""},"class_list":["post-18506","page","type-page","status-publish","hentry"],"yoast_head":"<!-- This site is optimized with the Yoast SEO Premium plugin v21.8 (Yoast SEO v26.6) - https:\/\/yoast.com\/wordpress\/plugins\/seo\/ -->\n<title>Disconoscimento - Vincente Delicacies<\/title>\n<meta name=\"robots\" content=\"index, follow, max-snippet:-1, max-image-preview:large, max-video-preview:-1\" \/>\n<link rel=\"canonical\" href=\"https:\/\/vincentedelicacies.com\/de\/nichtanerkennung\/\" \/>\n<meta property=\"og:locale\" content=\"de_DE\" \/>\n<meta property=\"og:type\" content=\"article\" \/>\n<meta property=\"og:title\" content=\"Disconoscimento\" \/>\n<meta property=\"og:url\" content=\"https:\/\/vincentedelicacies.com\/de\/nichtanerkennung\/\" \/>\n<meta property=\"og:site_name\" content=\"Vincente Delicacies\" \/>\n<meta property=\"og:image\" content=\"https:\/\/vincentedelicacies.com\/wp-content\/uploads\/2022\/01\/crema6.jpg\" \/>\n\t<meta property=\"og:image:width\" content=\"1047\" \/>\n\t<meta property=\"og:image:height\" content=\"491\" \/>\n\t<meta property=\"og:image:type\" content=\"image\/jpeg\" \/>\n<meta name=\"twitter:card\" content=\"summary_large_image\" \/>\n<script type=\"application\/ld+json\" class=\"yoast-schema-graph\">{\"@context\":\"https:\/\/schema.org\",\"@graph\":[{\"@type\":\"WebPage\",\"@id\":\"https:\/\/vincentedelicacies.com\/disconoscimento\/\",\"url\":\"https:\/\/vincentedelicacies.com\/disconoscimento\/\",\"name\":\"Disconoscimento - Vincente Delicacies\",\"isPartOf\":{\"@id\":\"https:\/\/vincentedelicacies.com\/#website\"},\"datePublished\":\"2023-03-10T11:15:42+00:00\",\"breadcrumb\":{\"@id\":\"https:\/\/vincentedelicacies.com\/disconoscimento\/#breadcrumb\"},\"inLanguage\":\"de\",\"potentialAction\":[{\"@type\":\"ReadAction\",\"target\":[\"https:\/\/vincentedelicacies.com\/disconoscimento\/\"]}]},{\"@type\":\"BreadcrumbList\",\"@id\":\"https:\/\/vincentedelicacies.com\/disconoscimento\/#breadcrumb\",\"itemListElement\":[{\"@type\":\"ListItem\",\"position\":1,\"name\":\"Home\",\"item\":\"https:\/\/vincentedelicacies.com\/\"},{\"@type\":\"ListItem\",\"position\":2,\"name\":\"Disconoscimento\"}]},{\"@type\":\"WebSite\",\"@id\":\"https:\/\/vincentedelicacies.com\/#website\",\"url\":\"https:\/\/vincentedelicacies.com\/\",\"name\":\"Vincente Delicacies\",\"description\":\"Un grande laboratorio di pasticceria\",\"publisher\":{\"@id\":\"https:\/\/vincentedelicacies.com\/#organization\"},\"potentialAction\":[{\"@type\":\"SearchAction\",\"target\":{\"@type\":\"EntryPoint\",\"urlTemplate\":\"https:\/\/vincentedelicacies.com\/?s={search_term_string}\"},\"query-input\":{\"@type\":\"PropertyValueSpecification\",\"valueRequired\":true,\"valueName\":\"search_term_string\"}}],\"inLanguage\":\"de\"},{\"@type\":\"Organization\",\"@id\":\"https:\/\/vincentedelicacies.com\/#organization\",\"name\":\"Vincente Delicacies\",\"url\":\"https:\/\/vincentedelicacies.com\/\",\"logo\":{\"@type\":\"ImageObject\",\"inLanguage\":\"de\",\"@id\":\"https:\/\/vincentedelicacies.com\/#\/schema\/logo\/image\/\",\"url\":\"https:\/\/vincentedelicacies.com\/wp-content\/uploads\/2021\/06\/logo.png\",\"contentUrl\":\"https:\/\/vincentedelicacies.com\/wp-content\/uploads\/2021\/06\/logo.png\",\"width\":159,\"height\":47,\"caption\":\"Vincente Delicacies\"},\"image\":{\"@id\":\"https:\/\/vincentedelicacies.com\/#\/schema\/logo\/image\/\"}}]}<\/script>\n<!-- \/ Yoast SEO Premium plugin. -->","yoast_head_json":{"title":"Disconoscimento - Vincente Delicacies","robots":{"index":"index","follow":"follow","max-snippet":"max-snippet:-1","max-image-preview":"max-image-preview:large","max-video-preview":"max-video-preview:-1"},"canonical":"https:\/\/vincentedelicacies.com\/de\/nichtanerkennung\/","og_locale":"de_DE","og_type":"article","og_title":"Disconoscimento","og_url":"https:\/\/vincentedelicacies.com\/de\/nichtanerkennung\/","og_site_name":"Vincente Delicacies","og_image":[{"width":1047,"height":491,"url":"https:\/\/vincentedelicacies.com\/wp-content\/uploads\/2022\/01\/crema6.jpg","type":"image\/jpeg"}],"twitter_card":"summary_large_image","schema":{"@context":"https:\/\/schema.org","@graph":[{"@type":"WebPage","@id":"https:\/\/vincentedelicacies.com\/disconoscimento\/","url":"https:\/\/vincentedelicacies.com\/disconoscimento\/","name":"Disconoscimento - Vincente Delicacies","isPartOf":{"@id":"https:\/\/vincentedelicacies.com\/#website"},"datePublished":"2023-03-10T11:15:42+00:00","breadcrumb":{"@id":"https:\/\/vincentedelicacies.com\/disconoscimento\/#breadcrumb"},"inLanguage":"de","potentialAction":[{"@type":"ReadAction","target":["https:\/\/vincentedelicacies.com\/disconoscimento\/"]}]},{"@type":"BreadcrumbList","@id":"https:\/\/vincentedelicacies.com\/disconoscimento\/#breadcrumb","itemListElement":[{"@type":"ListItem","position":1,"name":"Home","item":"https:\/\/vincentedelicacies.com\/"},{"@type":"ListItem","position":2,"name":"Disconoscimento"}]},{"@type":"WebSite","@id":"https:\/\/vincentedelicacies.com\/#website","url":"https:\/\/vincentedelicacies.com\/","name":"Vincente Delicacies","description":"Un grande laboratorio di pasticceria","publisher":{"@id":"https:\/\/vincentedelicacies.com\/#organization"},"potentialAction":[{"@type":"SearchAction","target":{"@type":"EntryPoint","urlTemplate":"https:\/\/vincentedelicacies.com\/?s={search_term_string}"},"query-input":{"@type":"PropertyValueSpecification","valueRequired":true,"valueName":"search_term_string"}}],"inLanguage":"de"},{"@type":"Organization","@id":"https:\/\/vincentedelicacies.com\/#organization","name":"Vincente Delicacies","url":"https:\/\/vincentedelicacies.com\/","logo":{"@type":"ImageObject","inLanguage":"de","@id":"https:\/\/vincentedelicacies.com\/#\/schema\/logo\/image\/","url":"https:\/\/vincentedelicacies.com\/wp-content\/uploads\/2021\/06\/logo.png","contentUrl":"https:\/\/vincentedelicacies.com\/wp-content\/uploads\/2021\/06\/logo.png","width":159,"height":47,"caption":"Vincente Delicacies"},"image":{"@id":"https:\/\/vincentedelicacies.com\/#\/schema\/logo\/image\/"}}]}},"_links":{"self":[{"href":"https:\/\/vincentedelicacies.com\/de\/wp-json\/wp\/v2\/pages\/18506","targetHints":{"allow":["GET"]}}],"collection":[{"href":"https:\/\/vincentedelicacies.com\/de\/wp-json\/wp\/v2\/pages"}],"about":[{"href":"https:\/\/vincentedelicacies.com\/de\/wp-json\/wp\/v2\/types\/page"}],"author":[{"embeddable":true,"href":"https:\/\/vincentedelicacies.com\/de\/wp-json\/wp\/v2\/users\/1"}],"replies":[{"embeddable":true,"href":"https:\/\/vincentedelicacies.com\/de\/wp-json\/wp\/v2\/comments?post=18506"}],"version-history":[{"count":0,"href":"https:\/\/vincentedelicacies.com\/de\/wp-json\/wp\/v2\/pages\/18506\/revisions"}],"wp:attachment":[{"href":"https:\/\/vincentedelicacies.com\/de\/wp-json\/wp\/v2\/media?parent=18506"}],"curies":[{"name":"wp","href":"https:\/\/api.w.org\/{rel}","templated":true}]}}